{"id":13009,"date":"2020-12-11T15:44:40","date_gmt":"2020-12-11T15:44:40","guid":{"rendered":"https:\/\/twsites.com.br\/novomigcenter\/?product=prpe-200"},"modified":"2020-12-11T15:44:40","modified_gmt":"2020-12-11T15:44:40","slug":"prpe-200","status":"publish","type":"product","link":"https:\/\/twsites.com.br\/novomigcenter\/?product=prpe-200","title":{"rendered":"FORNO REFRAT\u00c1RIO EL\u00c9TRICO 25L"},"content":{"rendered":"<p style=\"margin-bottom: 0px; padding: 0px; background-position: 0px 0px; color: rgb(102, 102, 102); font-family: montserratlight; font-size: 14px; line-height: 27px; text-align: center;\"><strong style=\"margin: 0px; padding: 0px; background-position: 0px 0px; font-size: 1.4rem; line-height: 27px;\">Com desing retr\u00f4 e compacto, o Little Chef chega ao mercado no tamanho perfeito para suas pizzas, p\u00e3es r\u00fasticos e receitas especiais. Possui resist\u00eancia superior que \u00e9 ideal para gratinar pizzas, caramelizar ingredientes e finalizar pratos. Um forno refrat\u00e1rio que \u00e9 \u00daNICO no mercado!<\/strong><\/p>\n<ul style=\"margin-right: 0px; margin-bottom: 0px; margin-left: 0px; padding: 0px; background-position: 0px 0px; color: rgb(102, 102, 102); font-family: montserratlight; font-size: 14px; line-height: 27px; text-align: center;\">\n<li style=\"margin: 0px; padding: 0px; background-position: 0px 0px; font-size: 1.4rem; line-height: 27px; list-style: none !important;\"><strong style=\"margin: 0px; padding: 0px; background-position: 0px 0px; font-size: 1.4rem; line-height: 27px;\">DISPON\u00cdVEL NAS CORES VERMELHA OU INOX<\/strong><\/li>\n<li style=\"margin: 0px; padding: 0px; background-position: 0px 0px; font-size: 1.4rem; line-height: 27px; list-style: none !important;\"><strong style=\"margin: 0px; padding: 0px; background-position: 0px 0px; font-size: 1.4rem; line-height: 27px;\">O \u00fanico forno el\u00e9trico com pedra refrat\u00e1ria<\/strong><\/li>\n<li style=\"margin: 0px; padding: 0px; background-position: 0px 0px; font-size: 1.4rem; line-height: 27px; list-style: none !important;\">Resist\u00eancia do forno: 1800 W<\/li>\n<li style=\"margin: 0px; padding: 0px; background-position: 0px 0px; font-size: 1.4rem; line-height: 27px; list-style: none !important;\">Resistencia do gratinador: 500 W<\/li>\n<li style=\"margin: 0px; padding: 0px; background-position: 0px 0px; font-size: 1.4rem; line-height: 27px; list-style: none !important;\">El\u00e9trico 127 ou 220 V<\/li>\n<li style=\"margin: 0px; padding: 0px; background-position: 0px 0px; font-size: 1.4rem; line-height: 27px; list-style: none !important;\">Vidro temperado&nbsp;<\/li>\n<li style=\"margin: 0px; padding: 0px; background-position: 0px 0px; font-size: 1.4rem; line-height: 27px; list-style: none !important;\">Mais compacto&nbsp;<\/li>\n<li style=\"margin: 0px; padding: 0px; background-position: 0px 0px; font-size: 1.4rem; line-height: 27px; list-style: none !important;\">Com gratinador<\/li>\n<\/ul>\n<p style=\"margin: 0px; padding: 0px; background-position: 0px 0px; font-size: 1.4rem; line-height: 27px; list-style: none !important;\"><img decoding=\"async\" src=\"http:\/\/www.progas.com.br\/userfiles\/produtos\/9309480cefa91a1f71fedb76408b9881.jpg\"><\/p>\n","protected":false},"excerpt":{"rendered":"<p>Com desing retr\u00f4 e compacto, o Little Chef chega ao mercado no tamanho perfeito para suas pizzas, p\u00e3es r\u00fasticos e receitas especiais. Possui resist\u00eancia superior que \u00e9 ideal para gratinar pizzas, caramelizar ingredientes e finalizar pratos. Um forno refrat\u00e1rio que \u00e9 \u00daNICO no mercado! DISPON\u00cdVEL NAS CORES VERMELHA OU INOX O \u00fanico forno el\u00e9trico com [&hellip;]<\/p>\n","protected":false},"featured_media":13007,"comment_status":"open","ping_status":"closed","template":"","meta":[],"product_brand":[],"product_cat":[427],"product_tag":[],"class_list":{"0":"post-13009","1":"product","2":"type-product","3":"status-publish","4":"has-post-thumbnail","6":"product_cat-forno-convector-forno-de-bancada","8":"first","9":"instock","10":"shipping-taxable","11":"purchasable","12":"product-type-simple"},"_links":{"self":[{"href":"https:\/\/twsites.com.br\/novomigcenter\/index.php?rest_route=\/wp\/v2\/product\/13009","targetHints":{"allow":["GET"]}}],"collection":[{"href":"https:\/\/twsites.com.br\/novomigcenter\/index.php?rest_route=\/wp\/v2\/product"}],"about":[{"href":"https:\/\/twsites.com.br\/novomigcenter\/index.php?rest_route=\/wp\/v2\/types\/product"}],"replies":[{"embeddable":true,"href":"https:\/\/twsites.com.br\/novomigcenter\/index.php?rest_route=%2Fwp%2Fv2%2Fcomments&post=13009"}],"wp:featuredmedia":[{"embeddable":true,"href":"https:\/\/twsites.com.br\/novomigcenter\/index.php?rest_route=\/wp\/v2\/media\/13007"}],"wp:attachment":[{"href":"https:\/\/twsites.com.br\/novomigcenter\/index.php?rest_route=%2Fwp%2Fv2%2Fmedia&parent=13009"}],"wp:term":[{"taxonomy":"product_brand","embeddable":true,"href":"https:\/\/twsites.com.br\/novomigcenter\/index.php?rest_route=%2Fwp%2Fv2%2Fproduct_brand&post=13009"},{"taxonomy":"product_cat","embeddable":true,"href":"https:\/\/twsites.com.br\/novomigcenter\/index.php?rest_route=%2Fwp%2Fv2%2Fproduct_cat&post=13009"},{"taxonomy":"product_tag","embeddable":true,"href":"https:\/\/twsites.com.br\/novomigcenter\/index.php?rest_route=%2Fwp%2Fv2%2Fproduct_tag&post=13009"}],"curies":[{"name":"wp","href":"https:\/\/api.w.org\/{rel}","templated":true}]}}