{"id":13011,"date":"2020-12-12T11:10:50","date_gmt":"2020-12-12T11:10:50","guid":{"rendered":"https:\/\/twsites.com.br\/novomigcenter\/?product=layr-luxo-2-4"},"modified":"2020-12-12T11:10:50","modified_gmt":"2020-12-12T11:10:50","slug":"layr-luxo-2-4","status":"publish","type":"product","link":"https:\/\/twsites.com.br\/novomigcenter\/?product=layr-luxo-2-4","title":{"rendered":"FORNO EL\u00c9TRICO LUXO INOX ADVANCED 2.4 46L"},"content":{"rendered":"<div class=\"panel-heading\" style=\"padding: 0px; background-position: 0px 0px; background-color: rgb(242, 242, 242); color: rgb(126, 136, 144); font-family: &quot;Source Sans Pro&quot;, Arial, Helvetica, sans-serif; font-size: 17px;\">\n<h4 class=\"panel-title toggle\" data-fontsize=\"18\" data-lineheight=\"36\" style=\"margin-right: 0px; margin-left: 0px; font-family: &quot;Source Sans Pro&quot;, Arial, Helvetica, sans-serif; line-height: 2; letter-spacing: 1px; font-size: 18px; position: relative;\"><a class=\"active\" data-toggle=\"collapse\" data-parent=\"#accordion-1484-1\" data-target=\"#90a67d605526fcf88\" href=\"https:\/\/layr.com.br\/produtos\/fornos-eletricos\/forno-eletrico-luxo-inox-advanced-2-4\/#90a67d605526fcf88\" style=\"color: rgb(51, 60, 78); transition-property: color, background-color, border-color; transition-duration: 0.2s; transition-timing-function: linear; display: flex; padding: 10px 0px; line-height: 2; -webkit-box-align: baseline; align-items: baseline; box-shadow: none !important;\"><\/p>\n<div class=\"fusion-toggle-heading\" style=\"margin-left: 18px;\">Caracter\u00edsticas:<\/div>\n<p><\/a><\/h4>\n<\/div>\n<div id=\"90a67d605526fcf88\" class=\"panel-collapse collapse in\" style=\"color: rgb(126, 136, 144); font-family: &quot;Source Sans Pro&quot;, Arial, Helvetica, sans-serif; font-size: 17px; background-color: rgb(242, 242, 242); height: auto;\">\n<div class=\"panel-body toggle-content fusion-clearfix\" style=\"clear: both; zoom: 1; padding-top: 10px; padding-right: 0px; padding-left: 0px; position: relative; border: none; line-height: 2.25;\">\n<p style=\"margin-bottom: 20px;\">Voltagem 127v ou 220v<br \/>Gabinete externo em a\u00e7o inoxid\u00e1vel.<br \/>Gabinete interno com revestimento easy \u2013 clean.<br \/>Frontal em a\u00e7o inoxid\u00e1vel.<br \/>Termostato de precis\u00e3o (50\u00ba \u2013 300\u00baC).<br \/>04 Resist\u00eancias blindadas (2 sup.1200w e 2 inf 1200w).<br \/>Puxador em a\u00e7o inox.<br \/>02 Chaves de controle da temperatura (m\u00ednimo, m\u00e9dio e m\u00e1ximo).<br \/>Visor iluminado de temperatura.<br \/>Porta remov\u00edvel de vidro cristal temperado.<br \/>Isolamento t\u00e9rmico refor\u00e7ado com l\u00e3 de vidro.<br \/>L\u00e2mpada interna com vidro protetor.<br \/>Bandeja para res\u00edduos.<br \/>01 prateleira remov\u00edvel em 03 posi\u00e7\u00f5es.<br \/>Instala\u00e7\u00e3o el\u00e9trica certificada pelo INMETRO.<\/p>\n<p style=\"margin-bottom: 20px;\"><span style=\"font-weight: 700;\">Pot\u00eancia:<\/span>&nbsp;2400 watts.<br \/><span style=\"font-weight: 700;\">Volume:<\/span>&nbsp;46 litros.<br \/><span style=\"font-weight: 700;\">Termostato de precis\u00e3o<\/span>&nbsp;(50\u00b0C a 300\u00b0C).<br \/><span style=\"font-weight: 700;\">Altura<\/span>&nbsp;295 (int.) \/415 (ext.) mm.<br \/><span style=\"font-weight: 700;\">Largura:<\/span>&nbsp;360 (int.) \/490 (ext.) mm.<br \/><span style=\"font-weight: 700;\">Profundidade:<\/span>&nbsp;440 (int.) \/490 (ext.) mm.<br \/><span style=\"font-weight: 700;\">Peso l\u00edquido:<\/span>&nbsp;11,50 kg.<br \/><span style=\"font-weight: 700;\">Peso bruto:<\/span>&nbsp;13,80kg<br \/><span style=\"font-weight: 700;\">Consumo m\u00e1ximo \u00e0 300\u00b0C:&nbsp;&nbsp;<\/span>1,0kw\/h<\/p>\n<\/div>\n<\/div>\n","protected":false},"excerpt":{"rendered":"<p>Caracter\u00edsticas: Voltagem 127v ou 220vGabinete externo em a\u00e7o inoxid\u00e1vel.Gabinete interno com revestimento easy \u2013 clean.Frontal em a\u00e7o inoxid\u00e1vel.Termostato de precis\u00e3o (50\u00ba \u2013 300\u00baC).04 Resist\u00eancias blindadas (2 sup.1200w e 2 inf 1200w).Puxador em a\u00e7o inox.02 Chaves de controle da temperatura (m\u00ednimo, m\u00e9dio e m\u00e1ximo).Visor iluminado de temperatura.Porta remov\u00edvel de vidro cristal temperado.Isolamento t\u00e9rmico refor\u00e7ado com l\u00e3 [&hellip;]<\/p>\n","protected":false},"featured_media":13010,"comment_status":"open","ping_status":"closed","template":"","meta":[],"product_brand":[],"product_cat":[427],"product_tag":[],"class_list":{"0":"post-13011","1":"product","2":"type-product","3":"status-publish","4":"has-post-thumbnail","6":"product_cat-forno-convector-forno-de-bancada","8":"first","9":"instock","10":"shipping-taxable","11":"purchasable","12":"product-type-simple"},"_links":{"self":[{"href":"https:\/\/twsites.com.br\/novomigcenter\/index.php?rest_route=\/wp\/v2\/product\/13011","targetHints":{"allow":["GET"]}}],"collection":[{"href":"https:\/\/twsites.com.br\/novomigcenter\/index.php?rest_route=\/wp\/v2\/product"}],"about":[{"href":"https:\/\/twsites.com.br\/novomigcenter\/index.php?rest_route=\/wp\/v2\/types\/product"}],"replies":[{"embeddable":true,"href":"https:\/\/twsites.com.br\/novomigcenter\/index.php?rest_route=%2Fwp%2Fv2%2Fcomments&post=13011"}],"wp:featuredmedia":[{"embeddable":true,"href":"https:\/\/twsites.com.br\/novomigcenter\/index.php?rest_route=\/wp\/v2\/media\/13010"}],"wp:attachment":[{"href":"https:\/\/twsites.com.br\/novomigcenter\/index.php?rest_route=%2Fwp%2Fv2%2Fmedia&parent=13011"}],"wp:term":[{"taxonomy":"product_brand","embeddable":true,"href":"https:\/\/twsites.com.br\/novomigcenter\/index.php?rest_route=%2Fwp%2Fv2%2Fproduct_brand&post=13011"},{"taxonomy":"product_cat","embeddable":true,"href":"https:\/\/twsites.com.br\/novomigcenter\/index.php?rest_route=%2Fwp%2Fv2%2Fproduct_cat&post=13011"},{"taxonomy":"product_tag","embeddable":true,"href":"https:\/\/twsites.com.br\/novomigcenter\/index.php?rest_route=%2Fwp%2Fv2%2Fproduct_tag&post=13011"}],"curies":[{"name":"wp","href":"https:\/\/api.w.org\/{rel}","templated":true}]}}