{"id":13015,"date":"2020-12-12T11:46:39","date_gmt":"2020-12-12T11:46:39","guid":{"rendered":"https:\/\/twsites.com.br\/novomigcenter\/?product=crystal-inox"},"modified":"2020-12-12T11:46:39","modified_gmt":"2020-12-12T11:46:39","slug":"crystal-inox","status":"publish","type":"product","link":"https:\/\/twsites.com.br\/novomigcenter\/?product=crystal-inox","title":{"rendered":"FORNO EL\u00c9TRICO CRYSTAL INOX ADVANCED 46L"},"content":{"rendered":"<p><font color=\"#7e8890\" face=\"Source Sans Pro, Arial, Helvetica, sans-serif\"><span style=\"font-size: 17px; background-color: rgb(242, 242, 242);\">Caracter\u00edsticas:<\/span><\/font><\/p>\n<p><span style=\"color: rgb(126, 136, 144); font-family: &quot;Source Sans Pro&quot;, Arial, Helvetica, sans-serif; font-size: 17px; background-color: rgb(242, 242, 242);\">Voltagem 127v ou 220v;<\/span><br style=\"color: rgb(126, 136, 144); font-family: &quot;Source Sans Pro&quot;, Arial, Helvetica, sans-serif; font-size: 17px; background-color: rgb(242, 242, 242);\"><span style=\"color: rgb(126, 136, 144); font-family: &quot;Source Sans Pro&quot;, Arial, Helvetica, sans-serif; font-size: 17px; background-color: rgb(242, 242, 242);\">Gabinete externo em a\u00e7o inoxid\u00e1vel;<\/span><br style=\"color: rgb(126, 136, 144); font-family: &quot;Source Sans Pro&quot;, Arial, Helvetica, sans-serif; font-size: 17px; background-color: rgb(242, 242, 242);\"><span style=\"color: rgb(126, 136, 144); font-family: &quot;Source Sans Pro&quot;, Arial, Helvetica, sans-serif; font-size: 17px; background-color: rgb(242, 242, 242);\">Gabinete interno com revestimento easy \u2013 clean;<\/span><br style=\"color: rgb(126, 136, 144); font-family: &quot;Source Sans Pro&quot;, Arial, Helvetica, sans-serif; font-size: 17px; background-color: rgb(242, 242, 242);\"><span style=\"color: rgb(126, 136, 144); font-family: &quot;Source Sans Pro&quot;, Arial, Helvetica, sans-serif; font-size: 17px; background-color: rgb(242, 242, 242);\">Frontal em a\u00e7o inoxid\u00e1vel;<\/span><br style=\"color: rgb(126, 136, 144); font-family: &quot;Source Sans Pro&quot;, Arial, Helvetica, sans-serif; font-size: 17px; background-color: rgb(242, 242, 242);\"><span style=\"color: rgb(126, 136, 144); font-family: &quot;Source Sans Pro&quot;, Arial, Helvetica, sans-serif; font-size: 17px; background-color: rgb(242, 242, 242);\">Termostato de precis\u00e3o (50\u00ba \u2013 300\u00baC);<\/span><br style=\"color: rgb(126, 136, 144); font-family: &quot;Source Sans Pro&quot;, Arial, Helvetica, sans-serif; font-size: 17px; background-color: rgb(242, 242, 242);\"><span style=\"color: rgb(126, 136, 144); font-family: &quot;Source Sans Pro&quot;, Arial, Helvetica, sans-serif; font-size: 17px; background-color: rgb(242, 242, 242);\">02 Resist\u00eancias blindadas (1 sup.750w e 1 inf 1000w);<\/span><br style=\"color: rgb(126, 136, 144); font-family: &quot;Source Sans Pro&quot;, Arial, Helvetica, sans-serif; font-size: 17px; background-color: rgb(242, 242, 242);\"><span style=\"color: rgb(126, 136, 144); font-family: &quot;Source Sans Pro&quot;, Arial, Helvetica, sans-serif; font-size: 17px; background-color: rgb(242, 242, 242);\">Puxador em a\u00e7o inox;<\/span><br style=\"color: rgb(126, 136, 144); font-family: &quot;Source Sans Pro&quot;, Arial, Helvetica, sans-serif; font-size: 17px; background-color: rgb(242, 242, 242);\"><span style=\"color: rgb(126, 136, 144); font-family: &quot;Source Sans Pro&quot;, Arial, Helvetica, sans-serif; font-size: 17px; background-color: rgb(242, 242, 242);\">01 Chave de controle da temperatura (m\u00ednimo, m\u00e9dio e m\u00e1ximo);<\/span><br style=\"color: rgb(126, 136, 144); font-family: &quot;Source Sans Pro&quot;, Arial, Helvetica, sans-serif; font-size: 17px; background-color: rgb(242, 242, 242);\"><span style=\"color: rgb(126, 136, 144); font-family: &quot;Source Sans Pro&quot;, Arial, Helvetica, sans-serif; font-size: 17px; background-color: rgb(242, 242, 242);\">Visor iluminado de temperatura;<\/span><br style=\"color: rgb(126, 136, 144); font-family: &quot;Source Sans Pro&quot;, Arial, Helvetica, sans-serif; font-size: 17px; background-color: rgb(242, 242, 242);\"><span style=\"color: rgb(126, 136, 144); font-family: &quot;Source Sans Pro&quot;, Arial, Helvetica, sans-serif; font-size: 17px; background-color: rgb(242, 242, 242);\">Porta remov\u00edvel de vidro cristal temperado;<\/span><br style=\"color: rgb(126, 136, 144); font-family: &quot;Source Sans Pro&quot;, Arial, Helvetica, sans-serif; font-size: 17px; background-color: rgb(242, 242, 242);\"><span style=\"color: rgb(126, 136, 144); font-family: &quot;Source Sans Pro&quot;, Arial, Helvetica, sans-serif; font-size: 17px; background-color: rgb(242, 242, 242);\">Isolamento t\u00e9rmico (l\u00e3 de vidro);<\/span><br style=\"color: rgb(126, 136, 144); font-family: &quot;Source Sans Pro&quot;, Arial, Helvetica, sans-serif; font-size: 17px; background-color: rgb(242, 242, 242);\"><span style=\"color: rgb(126, 136, 144); font-family: &quot;Source Sans Pro&quot;, Arial, Helvetica, sans-serif; font-size: 17px; background-color: rgb(242, 242, 242);\">L\u00e2mpada interna com vidro protetor;<\/span><br style=\"color: rgb(126, 136, 144); font-family: &quot;Source Sans Pro&quot;, Arial, Helvetica, sans-serif; font-size: 17px; background-color: rgb(242, 242, 242);\"><span style=\"color: rgb(126, 136, 144); font-family: &quot;Source Sans Pro&quot;, Arial, Helvetica, sans-serif; font-size: 17px; background-color: rgb(242, 242, 242);\">Bandeja para res\u00edduos;<\/span><br style=\"color: rgb(126, 136, 144); font-family: &quot;Source Sans Pro&quot;, Arial, Helvetica, sans-serif; font-size: 17px; background-color: rgb(242, 242, 242);\"><span style=\"color: rgb(126, 136, 144); font-family: &quot;Source Sans Pro&quot;, Arial, Helvetica, sans-serif; font-size: 17px; background-color: rgb(242, 242, 242);\">01 prateleira remov\u00edvel em 03 posi\u00e7\u00f5es;<\/span><br style=\"color: rgb(126, 136, 144); font-family: &quot;Source Sans Pro&quot;, Arial, Helvetica, sans-serif; font-size: 17px; background-color: rgb(242, 242, 242);\"><span style=\"color: rgb(126, 136, 144); font-family: &quot;Source Sans Pro&quot;, Arial, Helvetica, sans-serif; font-size: 17px; background-color: rgb(242, 242, 242);\">Instala\u00e7\u00e3o el\u00e9trica certificada pelo INMETRO.<\/span><\/p>\n<p><span style=\"font-weight: 700; color: rgb(126, 136, 144); font-family: &quot;Source Sans Pro&quot;, Arial, Helvetica, sans-serif; font-size: 17px; background-color: rgb(242, 242, 242);\">Pot\u00eancia:<\/span><span style=\"color: rgb(126, 136, 144); font-family: &quot;Source Sans Pro&quot;, Arial, Helvetica, sans-serif; font-size: 17px; background-color: rgb(242, 242, 242);\">&nbsp;1750watts<\/span><br style=\"color: rgb(126, 136, 144); font-family: &quot;Source Sans Pro&quot;, Arial, Helvetica, sans-serif; font-size: 17px; background-color: rgb(242, 242, 242);\"><span style=\"font-weight: 700; color: rgb(126, 136, 144); font-family: &quot;Source Sans Pro&quot;, Arial, Helvetica, sans-serif; font-size: 17px; background-color: rgb(242, 242, 242);\">Volume:<\/span><span style=\"color: rgb(126, 136, 144); font-family: &quot;Source Sans Pro&quot;, Arial, Helvetica, sans-serif; font-size: 17px; background-color: rgb(242, 242, 242);\">&nbsp;46 litros<\/span><br style=\"color: rgb(126, 136, 144); font-family: &quot;Source Sans Pro&quot;, Arial, Helvetica, sans-serif; font-size: 17px; background-color: rgb(242, 242, 242);\"><span style=\"font-weight: 700; color: rgb(126, 136, 144); font-family: &quot;Source Sans Pro&quot;, Arial, Helvetica, sans-serif; font-size: 17px; background-color: rgb(242, 242, 242);\">Altura:<\/span><span style=\"color: rgb(126, 136, 144); font-family: &quot;Source Sans Pro&quot;, Arial, Helvetica, sans-serif; font-size: 17px; background-color: rgb(242, 242, 242);\">&nbsp;295 (int.) \/ 415 (ext.) mm<\/span><br style=\"color: rgb(126, 136, 144); font-family: &quot;Source Sans Pro&quot;, Arial, Helvetica, sans-serif; font-size: 17px; background-color: rgb(242, 242, 242);\"><span style=\"font-weight: 700; color: rgb(126, 136, 144); font-family: &quot;Source Sans Pro&quot;, Arial, Helvetica, sans-serif; font-size: 17px; background-color: rgb(242, 242, 242);\">Largura:<\/span><span style=\"color: rgb(126, 136, 144); font-family: &quot;Source Sans Pro&quot;, Arial, Helvetica, sans-serif; font-size: 17px; background-color: rgb(242, 242, 242);\">&nbsp;360 (int.) \/ 490 (ext.) mm<\/span><br style=\"color: rgb(126, 136, 144); font-family: &quot;Source Sans Pro&quot;, Arial, Helvetica, sans-serif; font-size: 17px; background-color: rgb(242, 242, 242);\"><span style=\"font-weight: 700; color: rgb(126, 136, 144); font-family: &quot;Source Sans Pro&quot;, Arial, Helvetica, sans-serif; font-size: 17px; background-color: rgb(242, 242, 242);\">Profundidade:<\/span><span style=\"color: rgb(126, 136, 144); font-family: &quot;Source Sans Pro&quot;, Arial, Helvetica, sans-serif; font-size: 17px; background-color: rgb(242, 242, 242);\">&nbsp;440 (int.) \/ 490 (ext.) mm<\/span><br style=\"color: rgb(126, 136, 144); font-family: &quot;Source Sans Pro&quot;, Arial, Helvetica, sans-serif; font-size: 17px; background-color: rgb(242, 242, 242);\"><span style=\"font-weight: 700; color: rgb(126, 136, 144); font-family: &quot;Source Sans Pro&quot;, Arial, Helvetica, sans-serif; font-size: 17px; background-color: rgb(242, 242, 242);\">Peso l\u00edquido:<\/span><span style=\"color: rgb(126, 136, 144); font-family: &quot;Source Sans Pro&quot;, Arial, Helvetica, sans-serif; font-size: 17px; background-color: rgb(242, 242, 242);\">&nbsp;10,40 kg<\/span><br style=\"color: rgb(126, 136, 144); font-family: &quot;Source Sans Pro&quot;, Arial, Helvetica, sans-serif; font-size: 17px; background-color: rgb(242, 242, 242);\"><span style=\"font-weight: 700; color: rgb(126, 136, 144); font-family: &quot;Source Sans Pro&quot;, Arial, Helvetica, sans-serif; font-size: 17px; background-color: rgb(242, 242, 242);\">Peso bruto:<\/span><span style=\"color: rgb(126, 136, 144); font-family: &quot;Source Sans Pro&quot;, Arial, Helvetica, sans-serif; font-size: 17px; background-color: rgb(242, 242, 242);\">&nbsp;11,20 kg<\/span><br style=\"color: rgb(126, 136, 144); font-family: &quot;Source Sans Pro&quot;, Arial, Helvetica, sans-serif; font-size: 17px; background-color: rgb(242, 242, 242);\"><span style=\"font-weight: 700; color: rgb(126, 136, 144); font-family: &quot;Source Sans Pro&quot;, Arial, Helvetica, sans-serif; font-size: 17px; background-color: rgb(242, 242, 242);\">Consumo m\u00e1ximo \u00e0 300\u00b0C:<\/span><span style=\"color: rgb(126, 136, 144); font-family: &quot;Source Sans Pro&quot;, Arial, Helvetica, sans-serif; font-size: 17px; background-color: rgb(242, 242, 242);\">&nbsp;0,9kw\/h<\/span><span style=\"color: rgb(126, 136, 144); font-family: &quot;Source Sans Pro&quot;, Arial, Helvetica, sans-serif; font-size: 17px; background-color: rgb(242, 242, 242);\"><br \/><\/span><\/p>\n","protected":false},"excerpt":{"rendered":"<p>Caracter\u00edsticas: Voltagem 127v ou 220v;Gabinete externo em a\u00e7o inoxid\u00e1vel;Gabinete interno com revestimento easy \u2013 clean;Frontal em a\u00e7o inoxid\u00e1vel;Termostato de precis\u00e3o (50\u00ba \u2013 300\u00baC);02 Resist\u00eancias blindadas (1 sup.750w e 1 inf 1000w);Puxador em a\u00e7o inox;01 Chave de controle da temperatura (m\u00ednimo, m\u00e9dio e m\u00e1ximo);Visor iluminado de temperatura;Porta remov\u00edvel de vidro cristal temperado;Isolamento t\u00e9rmico (l\u00e3 de vidro);L\u00e2mpada [&hellip;]<\/p>\n","protected":false},"featured_media":13014,"comment_status":"open","ping_status":"closed","template":"","meta":[],"product_brand":[],"product_cat":[427],"product_tag":[],"class_list":{"0":"post-13015","1":"product","2":"type-product","3":"status-publish","4":"has-post-thumbnail","6":"product_cat-forno-convector-forno-de-bancada","8":"first","9":"instock","10":"shipping-taxable","11":"purchasable","12":"product-type-simple"},"_links":{"self":[{"href":"https:\/\/twsites.com.br\/novomigcenter\/index.php?rest_route=\/wp\/v2\/product\/13015","targetHints":{"allow":["GET"]}}],"collection":[{"href":"https:\/\/twsites.com.br\/novomigcenter\/index.php?rest_route=\/wp\/v2\/product"}],"about":[{"href":"https:\/\/twsites.com.br\/novomigcenter\/index.php?rest_route=\/wp\/v2\/types\/product"}],"replies":[{"embeddable":true,"href":"https:\/\/twsites.com.br\/novomigcenter\/index.php?rest_route=%2Fwp%2Fv2%2Fcomments&post=13015"}],"wp:featuredmedia":[{"embeddable":true,"href":"https:\/\/twsites.com.br\/novomigcenter\/index.php?rest_route=\/wp\/v2\/media\/13014"}],"wp:attachment":[{"href":"https:\/\/twsites.com.br\/novomigcenter\/index.php?rest_route=%2Fwp%2Fv2%2Fmedia&parent=13015"}],"wp:term":[{"taxonomy":"product_brand","embeddable":true,"href":"https:\/\/twsites.com.br\/novomigcenter\/index.php?rest_route=%2Fwp%2Fv2%2Fproduct_brand&post=13015"},{"taxonomy":"product_cat","embeddable":true,"href":"https:\/\/twsites.com.br\/novomigcenter\/index.php?rest_route=%2Fwp%2Fv2%2Fproduct_cat&post=13015"},{"taxonomy":"product_tag","embeddable":true,"href":"https:\/\/twsites.com.br\/novomigcenter\/index.php?rest_route=%2Fwp%2Fv2%2Fproduct_tag&post=13015"}],"curies":[{"name":"wp","href":"https:\/\/api.w.org\/{rel}","templated":true}]}}