{"id":13025,"date":"2021-01-16T11:41:18","date_gmt":"2021-01-16T11:41:18","guid":{"rendered":"https:\/\/twsites.com.br\/novomigcenter\/?product=triturador-de-gelo-tg-skymsen"},"modified":"2021-01-16T11:41:18","modified_gmt":"2021-01-16T11:41:18","slug":"triturador-de-gelo-tg-skymsen","status":"publish","type":"product","link":"https:\/\/twsites.com.br\/novomigcenter\/?product=triturador-de-gelo-tg-skymsen","title":{"rendered":"TRITURADOR DE GELO 0,5 CV &#8211; TG SKYMSEN"},"content":{"rendered":"<p style=\"margin-bottom: 10px; color: rgba(14, 14, 14, 0.7); font-family: sans-serif, arial; font-size: 14px;\"><span style=\"font-weight: 700;\">Triturador el\u00e9trico de gelo<\/span>, com 1750 rpm,&nbsp;<span style=\"font-weight: 700;\">tritura&nbsp;<\/span>com facilidade&nbsp;<span style=\"font-weight: 700;\">gelo<\/span>&nbsp;e&nbsp;<span style=\"font-weight: 700;\">polpas de frutas congeladas<\/span>. Com ele \u00e9 poss\u00edvel criar um infinidade de&nbsp;<span style=\"font-weight: 700;\">drinks<\/span>,&nbsp;<span style=\"font-weight: 700;\">sobremesas<\/span>,&nbsp;<span style=\"font-weight: 700;\">raspadinhas&nbsp;<\/span>e auxiliar na&nbsp;<span style=\"font-weight: 700;\">conserva\u00e7\u00e3o de alimentos<\/span>&nbsp;em vitrines, como em peixarias e buffets.<o:p><\/o:p><\/p>\n<p xss=\"removed\" style=\"margin-bottom: 10px; color: rgba(14, 14, 14, 0.7); font-family: sans-serif, arial; font-size: 14px;\"><span xss=\"removed\"><span xss=\"removed\"><span xss=\"removed\">Sua estrutura robusta, produzida em alum\u00ednio fundido, possui&nbsp;<span style=\"font-weight: 700;\">bocal largo<\/span>, em formato de meia lua, que facilita a limpeza e alimenta\u00e7\u00e3o do produto, tornando o&nbsp;<span style=\"font-weight: 700;\">processo r\u00e1pido<\/span>. Com&nbsp;<span style=\"font-weight: 700;\">empurrador ergon\u00f4mico<\/span>&nbsp;acoplado ao triturador, auxilia que o gelo ou polpa de fruta congelada seja triturada at\u00e9 o final,&nbsp;<span style=\"font-weight: 700;\">aproveitando o m\u00e1ximo do produto<\/span>.<\/span><\/span><o:p><\/o:p><\/span><\/p>\n<p xss=\"removed\" style=\"margin-bottom: 10px; color: rgba(14, 14, 14, 0.7); font-family: sans-serif, arial; font-size: 14px;\"><span xss=\"removed\">Com um exclusivo&nbsp;<span style=\"font-weight: 700;\">sistema de acionamento<\/span>&nbsp;direto e motor com&nbsp;<span style=\"font-weight: 700;\">1\/2 CV de pot\u00eancia<\/span>, produz mais em menos tempo. Seu sistema de seguran\u00e7a, permite alimentar o triturador, sem necessidade de ficar desligando e ligando o produto, j\u00e1 que o mesmo \u00e9 feito automaticamente quando empurrador \u00e9 levantado, deixando a opera\u00e7\u00e3o muito&nbsp;<span style=\"font-weight: 700;\">mais pr\u00e1tica e sem esfor\u00e7o<\/span>.<\/p>\n<p><\/span><\/p>\n<div class=\"description\" style=\"color: rgb(51, 51, 51); font-family: sans-serif, arial; font-size: 14px;\">Modelo: TG<br \/>Pot\u00eancia do Motor: 0,5CV<br \/>Frequ\u00eancia: 60Hz<br \/>Tens\u00e3o: 110v ou 220v<br \/>Altura: 420.00 mm<br \/>Largura: 200.00 mm<br \/>Profundidade: 570.00 mm<br \/>Peso Liquido: 15.50 kg<br \/>Peso Bruto: 17.00 kg<br \/>C. Fiscal: 84388090<br \/>Embalagem Altura: 470.00 mm<br \/>Embalagem Largura: 290.00 mm<br \/>Embalagem Profundidade: 600.00 mm<br \/>C\u00f3digo EAN13: 7895707684805<\/div>\n<div><\/div>\n","protected":false},"excerpt":{"rendered":"<p>Triturador el\u00e9trico de gelo, com 1750 rpm,&nbsp;tritura&nbsp;com facilidade&nbsp;gelo&nbsp;e&nbsp;polpas de frutas congeladas. Com ele \u00e9 poss\u00edvel criar um infinidade de&nbsp;drinks,&nbsp;sobremesas,&nbsp;raspadinhas&nbsp;e auxiliar na&nbsp;conserva\u00e7\u00e3o de alimentos&nbsp;em vitrines, como em peixarias e buffets. Sua estrutura robusta, produzida em alum\u00ednio fundido, possui&nbsp;bocal largo, em formato de meia lua, que facilita a limpeza e alimenta\u00e7\u00e3o do produto, tornando o&nbsp;processo r\u00e1pido. Com&nbsp;empurrador [&hellip;]<\/p>\n","protected":false},"featured_media":13024,"comment_status":"open","ping_status":"closed","template":"","meta":[],"product_brand":[],"product_cat":[414],"product_tag":[],"class_list":{"0":"post-13025","1":"product","2":"type-product","3":"status-publish","4":"has-post-thumbnail","6":"product_cat-triturador-de-gelo","8":"first","9":"instock","10":"shipping-taxable","11":"purchasable","12":"product-type-simple"},"_links":{"self":[{"href":"https:\/\/twsites.com.br\/novomigcenter\/index.php?rest_route=\/wp\/v2\/product\/13025","targetHints":{"allow":["GET"]}}],"collection":[{"href":"https:\/\/twsites.com.br\/novomigcenter\/index.php?rest_route=\/wp\/v2\/product"}],"about":[{"href":"https:\/\/twsites.com.br\/novomigcenter\/index.php?rest_route=\/wp\/v2\/types\/product"}],"replies":[{"embeddable":true,"href":"https:\/\/twsites.com.br\/novomigcenter\/index.php?rest_route=%2Fwp%2Fv2%2Fcomments&post=13025"}],"wp:featuredmedia":[{"embeddable":true,"href":"https:\/\/twsites.com.br\/novomigcenter\/index.php?rest_route=\/wp\/v2\/media\/13024"}],"wp:attachment":[{"href":"https:\/\/twsites.com.br\/novomigcenter\/index.php?rest_route=%2Fwp%2Fv2%2Fmedia&parent=13025"}],"wp:term":[{"taxonomy":"product_brand","embeddable":true,"href":"https:\/\/twsites.com.br\/novomigcenter\/index.php?rest_route=%2Fwp%2Fv2%2Fproduct_brand&post=13025"},{"taxonomy":"product_cat","embeddable":true,"href":"https:\/\/twsites.com.br\/novomigcenter\/index.php?rest_route=%2Fwp%2Fv2%2Fproduct_cat&post=13025"},{"taxonomy":"product_tag","embeddable":true,"href":"https:\/\/twsites.com.br\/novomigcenter\/index.php?rest_route=%2Fwp%2Fv2%2Fproduct_tag&post=13025"}],"curies":[{"name":"wp","href":"https:\/\/api.w.org\/{rel}","templated":true}]}}