{"id":13028,"date":"2021-01-16T12:15:50","date_gmt":"2021-01-16T12:15:50","guid":{"rendered":"https:\/\/twsites.com.br\/novomigcenter\/?product=extrator-de-sucos-inox-exbn"},"modified":"2021-01-16T12:15:50","modified_gmt":"2021-01-16T12:15:50","slug":"extrator-de-sucos-inox-exbn","status":"publish","type":"product","link":"https:\/\/twsites.com.br\/novomigcenter\/?product=extrator-de-sucos-inox-exbn","title":{"rendered":"Extrator de Suco 0,25 Cv Mod. EXB-N Skymsen"},"content":{"rendered":"<div class=\"col-xs-12 col-md-6\" style=\"border: 0px; margin: 0px; padding-top: 0px; padding-bottom: 0px; width: 500px; font-family: OpenSans; font-size: 15px; background-color: rgb(246, 246, 246); outline: none !important;\">\n<div class=\"caracteristicas\" style=\"border: 1px solid rgb(216, 216, 216); margin: 0px 0px 20px; padding: 30px; background-color: rgb(233, 233, 233); border-radius: 10px; outline: none !important;\">\n<h3 class=\"title__info\" style=\"font-weight: 800; line-height: 20px; color: rgb(69, 69, 69); margin-right: 0px; margin-bottom: 20px; margin-left: 0px; font-size: 20px; border: 0px; vertical-align: baseline; padding: 0px; text-transform: uppercase; outline: none !important;\">CARACTER\u00cdSTICAS DO PRODUTO<\/h3>\n<ul style=\"margin-right: -15px; margin-bottom: 0px; margin-left: -15px; border: 0px; font-size: 14px; vertical-align: baseline; padding: 0px; list-style: none; color: rgb(69, 69, 69); outline: none !important;\">\n<li style=\"border: 0px; vertical-align: baseline; margin: 0px; padding: 0px 15px; float: left; width: 219.006px; clear: both; outline: none !important;\">\n<p style=\"margin-bottom: 0px; border-width: 1px 0px 0px; border-top-style: solid; border-right-style: initial; border-bottom-style: initial; border-left-style: initial; border-top-color: rgb(192, 193, 193); border-right-color: initial; border-bottom-color: initial; border-left-color: initial; border-image: initial; vertical-align: baseline; padding: 15px 0px; outline: none !important;\"><span style=\"font-weight: 700; border: 0px; vertical-align: baseline; margin: 0px; padding: 0px; outline: none !important;\">Modelo:&nbsp;<\/span>EXB-N<\/p>\n<\/li>\n<li style=\"border: 0px; vertical-align: baseline; margin: 0px; padding: 0px 15px; float: left; width: 219.006px; outline: none !important;\">\n<p style=\"margin-bottom: 0px; border-width: 1px 0px 0px; border-top-style: solid; border-right-style: initial; border-bottom-style: initial; border-left-style: initial; border-top-color: rgb(192, 193, 193); border-right-color: initial; border-bottom-color: initial; border-left-color: initial; border-image: initial; vertical-align: baseline; padding: 15px 0px; outline: none !important;\"><span style=\"font-weight: 700; border: 0px; vertical-align: baseline; margin: 0px; padding: 0px; outline: none !important;\">Pot\u00eancia do Motor:&nbsp;<\/span>0,25CV<\/p>\n<\/li>\n<li style=\"border: 0px; vertical-align: baseline; margin: 0px; padding: 0px 15px; float: left; width: 219.006px; clear: both; outline: none !important;\">\n<p style=\"margin-bottom: 0px; border-width: 1px 0px 0px; border-top-style: solid; border-right-style: initial; border-bottom-style: initial; border-left-style: initial; border-top-color: rgb(192, 193, 193); border-right-color: initial; border-bottom-color: initial; border-left-color: initial; border-image: initial; vertical-align: baseline; padding: 15px 0px; outline: none !important;\"><span style=\"font-weight: 700; border: 0px; vertical-align: baseline; margin: 0px; padding: 0px; outline: none !important;\">Frequ\u00eancia:&nbsp;<\/span>60Hz<\/p>\n<\/li>\n<li style=\"border: 0px; vertical-align: baseline; margin: 0px; padding: 0px 15px; float: left; width: 219.006px; outline: none !important;\">\n<p style=\"margin-bottom: 0px; border-width: 1px 0px 0px; border-top-style: solid; border-right-style: initial; border-bottom-style: initial; border-left-style: initial; border-top-color: rgb(192, 193, 193); border-right-color: initial; border-bottom-color: initial; border-left-color: initial; border-image: initial; vertical-align: baseline; padding: 15px 0px; outline: none !important;\"><span style=\"font-weight: 700; border: 0px; vertical-align: baseline; margin: 0px; padding: 0px; outline: none !important;\">Tens\u00e3o:&nbsp;<\/span>127\/220V<\/p>\n<\/li>\n<li style=\"border: 0px; vertical-align: baseline; margin: 0px; padding: 0px 15px; float: left; width: 219.006px; clear: both; outline: none !important;\">\n<p style=\"margin-bottom: 0px; border-width: 1px 0px 0px; border-top-style: solid; border-right-style: initial; border-bottom-style: initial; border-left-style: initial; border-top-color: rgb(192, 193, 193); border-right-color: initial; border-bottom-color: initial; border-left-color: initial; border-image: initial; vertical-align: baseline; padding: 15px 0px; outline: none !important;\"><span style=\"font-weight: 700; border: 0px; vertical-align: baseline; margin: 0px; padding: 0px; outline: none !important;\">Altura:&nbsp;<\/span>440.00 mm<\/p>\n<\/li>\n<li style=\"border: 0px; vertical-align: baseline; margin: 0px; padding: 0px 15px; float: left; width: 219.006px; outline: none !important;\">\n<p style=\"margin-bottom: 0px; border-width: 1px 0px 0px; border-top-style: solid; border-right-style: initial; border-bottom-style: initial; border-left-style: initial; border-top-color: rgb(192, 193, 193); border-right-color: initial; border-bottom-color: initial; border-left-color: initial; border-image: initial; vertical-align: baseline; padding: 15px 0px; outline: none !important;\"><span style=\"font-weight: 700; border: 0px; vertical-align: baseline; margin: 0px; padding: 0px; outline: none !important;\">Largura:&nbsp;<\/span>360.00 mm<\/p>\n<\/li>\n<li style=\"border: 0px; vertical-align: baseline; margin: 0px; padding: 0px 15px; float: left; width: 219.006px; clear: both; outline: none !important;\">\n<p style=\"margin-bottom: 0px; border-width: 1px 0px 0px; border-top-style: solid; border-right-style: initial; border-bottom-style: initial; border-left-style: initial; border-top-color: rgb(192, 193, 193); border-right-color: initial; border-bottom-color: initial; border-left-color: initial; border-image: initial; vertical-align: baseline; padding: 15px 0px; outline: none !important;\"><span style=\"font-weight: 700; border: 0px; vertical-align: baseline; margin: 0px; padding: 0px; outline: none !important;\">Profundidade:&nbsp;<\/span>270.00 mm<\/p>\n<\/li>\n<li style=\"border: 0px; vertical-align: baseline; margin: 0px; padding: 0px 15px; float: left; width: 219.006px; outline: none !important;\">\n<p style=\"margin-bottom: 0px; border-width: 1px 0px 0px; border-top-style: solid; border-right-style: initial; border-bottom-style: initial; border-left-style: initial; border-top-color: rgb(192, 193, 193); border-right-color: initial; border-bottom-color: initial; border-left-color: initial; border-image: initial; vertical-align: baseline; padding: 15px 0px; outline: none !important;\"><span style=\"font-weight: 700; border: 0px; vertical-align: baseline; margin: 0px; padding: 0px; outline: none !important;\">Peso L\u00edquido:&nbsp;<\/span>4.70 kg<\/p>\n<\/li>\n<li style=\"border: 0px; vertical-align: baseline; margin: 0px; padding: 0px 15px; float: left; width: 219.006px; clear: both; outline: none !important;\">\n<p style=\"margin-bottom: 0px; border-width: 1px 0px 0px; border-top-style: solid; border-right-style: initial; border-bottom-style: initial; border-left-style: initial; border-top-color: rgb(192, 193, 193); border-right-color: initial; border-bottom-color: initial; border-left-color: initial; border-image: initial; vertical-align: baseline; padding: 15px 0px; outline: none !important;\"><span style=\"font-weight: 700; border: 0px; vertical-align: baseline; margin: 0px; padding: 0px; outline: none !important;\">Peso Bruto:&nbsp;<\/span>5.40 kg<\/p>\n<\/li>\n<li style=\"border: 0px; vertical-align: baseline; margin: 0px; padding: 0px 15px; float: left; width: 219.006px; outline: none !important;\">\n<p style=\"margin-bottom: 0px; border-width: 1px 0px 0px; border-top-style: solid; border-right-style: initial; border-bottom-style: initial; border-left-style: initial; border-top-color: rgb(192, 193, 193); border-right-color: initial; border-bottom-color: initial; border-left-color: initial; border-image: initial; vertical-align: baseline; padding: 15px 0px; outline: none !important;\"><span style=\"font-weight: 700; border: 0px; vertical-align: baseline; margin: 0px; padding: 0px; outline: none !important;\">C. Fiscal:&nbsp;<\/span>84388090<\/p>\n<\/li>\n<li style=\"border: 0px; vertical-align: baseline; margin: 0px; padding: 0px 15px; float: left; width: 438.011px; clear: both; outline: none !important;\">\n<p style=\"margin-bottom: 0px; border-width: 1px 0px 0px; border-top-style: solid; border-right-style: initial; border-bottom-style: initial; border-left-style: initial; border-top-color: rgb(192, 193, 193); border-right-color: initial; border-bottom-color: initial; border-left-color: initial; border-image: initial; vertical-align: baseline; padding: 15px 0px; outline: none !important;\"><span style=\"font-weight: 700; border: 0px; vertical-align: baseline; margin: 0px; padding: 0px; outline: none !important;\">Rotacao:<\/span>&nbsp;1750 rpm<\/p>\n<\/li>\n<\/ul>\n<\/div>\n<div class=\"caracteristicas\" style=\"border: 1px solid rgb(216, 216, 216); margin: 0px 0px 20px; padding: 30px; background-color: rgb(233, 233, 233); border-radius: 10px; outline: none !important;\">\n<h3 class=\"title__info\" style=\"font-weight: 800; line-height: 20px; color: rgb(69, 69, 69); margin-right: 0px; margin-bottom: 20px; margin-left: 0px; font-size: 20px; border: 0px; vertical-align: baseline; padding: 0px; text-transform: uppercase; outline: none !important;\">CARACTER\u00cdSTICAS DA EMBALAGEM<\/h3>\n<ul style=\"margin-right: -15px; margin-bottom: 0px; margin-left: -15px; border: 0px; font-size: 14px; vertical-align: baseline; padding: 0px; list-style: none; color: rgb(69, 69, 69); outline: none !important;\">\n<li style=\"border: 0px; vertical-align: baseline; margin: 0px; padding: 0px 15px; float: left; width: 219.006px; clear: both; outline: none !important;\">\n<p style=\"margin-bottom: 0px; border-width: 1px 0px 0px; border-top-style: solid; border-right-style: initial; border-bottom-style: initial; border-left-style: initial; border-top-color: rgb(192, 193, 193); border-right-color: initial; border-bottom-color: initial; border-left-color: initial; border-image: initial; vertical-align: baseline; padding: 15px 0px; outline: none !important;\"><span style=\"font-weight: 700; border: 0px; vertical-align: baseline; margin: 0px; padding: 0px; outline: none !important;\">Altura:&nbsp;<\/span>400.00 mm<\/p>\n<\/li>\n<li style=\"border: 0px; vertical-align: baseline; margin: 0px; padding: 0px 15px; float: left; width: 219.006px; outline: none !important;\">\n<p style=\"margin-bottom: 0px; border-width: 1px 0px 0px; border-top-style: solid; border-right-style: initial; border-bottom-style: initial; border-left-style: initial; border-top-color: rgb(192, 193, 193); border-right-color: initial; border-bottom-color: initial; border-left-color: initial; border-image: initial; vertical-align: baseline; padding: 15px 0px; outline: none !important;\"><span style=\"font-weight: 700; border: 0px; vertical-align: baseline; margin: 0px; padding: 0px; outline: none !important;\">Largura:&nbsp;<\/span>440.00 mm<\/p>\n<\/li>\n<li style=\"border: 0px; vertical-align: baseline; margin: 0px; padding: 0px 15px; float: left; width: 219.006px; clear: both; outline: none !important;\">\n<p style=\"margin-bottom: 0px; border-width: 1px 0px 0px; border-top-style: solid; border-right-style: initial; border-bottom-style: initial; border-left-style: initial; border-top-color: rgb(192, 193, 193); border-right-color: initial; border-bottom-color: initial; border-left-color: initial; border-image: initial; vertical-align: baseline; padding: 15px 0px; outline: none !important;\"><span style=\"font-weight: 700; border: 0px; vertical-align: baseline; margin: 0px; padding: 0px; outline: none !important;\">Profundidade:&nbsp;<\/span>320.00 mm<\/p>\n<\/li>\n<li style=\"border: 0px; vertical-align: baseline; margin: 0px; padding: 0px 15px; float: left; width: 219.006px; outline: none !important;\">\n<p style=\"margin-bottom: 0px; border-width: 1px 0px 0px; border-top-style: solid; border-right-style: initial; border-bottom-style: initial; border-left-style: initial; border-top-color: rgb(192, 193, 193); border-right-color: initial; border-bottom-color: initial; border-left-color: initial; border-image: initial; vertical-align: baseline; padding: 15px 0px; outline: none !important;\"><span style=\"font-weight: 700; border: 0px; vertical-align: baseline; margin: 0px; padding: 0px; outline: none !important;\">Peso Bruto:&nbsp;<\/span>5.40 kg<\/p>\n<\/li>\n<li style=\"border: 0px; vertical-align: baseline; margin: 0px; padding: 0px 15px; float: left; width: 438.011px; clear: both; outline: none !important;\">\n<p style=\"margin-bottom: 0px; border-width: 1px 0px 0px; border-top-style: solid; border-right-style: initial; border-bottom-style: initial; border-left-style: initial; border-top-color: rgb(192, 193, 193); border-right-color: initial; border-bottom-color: initial; border-left-color: initial; border-image: initial; vertical-align: baseline; padding: 15px 0px; outline: none !important;\"><span style=\"font-weight: 700; border: 0px; vertical-align: baseline; margin: 0px; padding: 0px; outline: none !important;\">C\u00f3digo EAN13:&nbsp;<\/span>7895707619395<\/p>\n<\/li>\n<\/ul>\n<\/div>\n<\/div>\n<div class=\"col-xs-12 col-md-6\" style=\"border: 0px; margin: 0px; padding-top: 0px; padding-bottom: 0px; width: 500px; font-family: OpenSans; font-size: 15px; background-color: rgb(246, 246, 246); outline: none !important;\">\n<div class=\"descricao\" style=\"border: 1px solid rgb(216, 216, 216); margin: 0px 0px 20px; padding: 30px; background-color: rgb(255, 255, 255); border-radius: 10px; box-shadow: rgb(225, 225, 225) 0px 2px 0px; outline: none !important;\">\n<h3 class=\"title\" style=\"font-weight: 800; color: rgb(69, 69, 69); margin-right: 0px; margin-bottom: 3px; margin-left: 0px; font-size: 30px; border: 0px; vertical-align: baseline; padding: 0px; text-transform: uppercase; outline: none !important;\">EXB-N<\/h3>\n<h4 class=\"subtitle\" style=\"font-weight: 800; color: rgb(69, 69, 69); margin-right: 0px; margin-bottom: 17px; margin-left: 0px; font-size: 18px; border: 0px; vertical-align: baseline; padding: 0px; text-transform: uppercase; outline: none !important;\">EXTRATOR DE SUCOS INOX, C\u00c2MARA INOX<\/h4>\n<div class=\"text\" style=\"border: 0px; margin: 0px 0px 30px; padding: 0px; color: rgb(69, 69, 69); font-size: 18px; outline: none !important;\">\n<p style=\"margin-bottom: 0px; border: 0px; vertical-align: baseline; padding: 0px 0px 15px; outline: none !important;\">Na rotina de muitos estabelecimentos, o tempo de produ\u00e7\u00e3o \u00e9 valioso para atender a demanda dos clientes. Dessa forma, o ideal \u00e9 que o processo seja otimizado, sem perda de tempo e qualidade nos produtos oferecidos pelo seu neg\u00f3cio. Contar com um&nbsp;<span style=\"font-weight: 700; border: 0px; vertical-align: baseline; margin: 0px; padding: 0px; outline: none !important;\">extrator de suco skymsen<\/span>, n\u00e3o apenas otimizar\u00e1 todo o processo de produ\u00e7\u00e3o para extrair facilmente sucos de laranja e lim\u00e3o, como tamb\u00e9m proporcionar\u00e1 o m\u00e1ximo de aproveitamento das frutas, sendo um equipamento ideal para ser utilizado em bares e restaurantes, padarias, hospitais, pizzarias, lanchonetes, cantinas, cozinhas comerciais e similares.<\/p>\n<p style=\"margin-bottom: 0px; border: 0px; vertical-align: baseline; padding: 0px 0px 15px; outline: none !important;\">O&nbsp;<span style=\"font-weight: 700; border: 0px; vertical-align: baseline; margin: 0px; padding: 0px; outline: none !important;\">extrator de suco skymsen<\/span>&nbsp;\u00e9 de um equipamento de f\u00e1cil manuseio, com partes remov\u00edveis, que facilita a limpeza. Seu gabinete \u00e9 confeccionado em a\u00e7o inox e a c\u00e2mara em alum\u00ednio, tornando este&nbsp;<span style=\"font-weight: 700; border: 0px; vertical-align: baseline; margin: 0px; padding: 0px; outline: none !important;\"><a href=\"https:\/\/www.skymsen.com\/index.php\/produtos?linhas=58\" target=\"_blank\" style=\"color: rgb(0, 0, 0); border: 0px; vertical-align: baseline; margin: 0px; padding: 0px; outline: none !important;\">equipamento para bar e restaurante<\/a><\/span>&nbsp;mais resistente.<\/p>\n<p style=\"margin-bottom: 0px; border: 0px; vertical-align: baseline; padding: 0px 0px 15px; outline: none !important;\">Com tens\u00e3o BIVOLT pot\u00eancia do motor de 1,5 CV, o&nbsp;<span style=\"font-weight: 700; border: 0px; vertical-align: baseline; margin: 0px; padding: 0px; outline: none !important;\">extrator de suco skymsen<\/span>&nbsp;possui outras vers\u00f5es, como o&nbsp;<span style=\"font-weight: 700; border: 0px; vertical-align: baseline; margin: 0px; padding: 0px; outline: none !important;\"><a href=\"https:\/\/www.skymsen.com\/index.php\/produtos\/detalhe\/619396\" target=\"_blank\" style=\"color: rgb(0, 0, 0); border: 0px; vertical-align: baseline; margin: 0px; padding: 0px; outline: none !important;\">extrator de sucos inox exb-n<\/a><\/span>,&nbsp;<span style=\"font-weight: 700; border: 0px; vertical-align: baseline; margin: 0px; padding: 0px; outline: none !important;\"><a href=\"https:\/\/www.skymsen.com\/index.php\/produtos\/detalhe\/619418\" target=\"_blank\" style=\"color: rgb(0, 0, 0); border: 0px; vertical-align: baseline; margin: 0px; padding: 0px; outline: none !important;\">extrator de sucos inox ex<\/a><\/span>&nbsp;e&nbsp;<span style=\"font-weight: 700; border: 0px; vertical-align: baseline; margin: 0px; padding: 0px; outline: none !important;\"><a href=\"https:\/\/www.skymsen.com\/index.php\/produtos\/detalhe\/619426\" target=\"_blank\" style=\"color: rgb(0, 0, 0); border: 0px; vertical-align: baseline; margin: 0px; padding: 0px; outline: none !important;\">extrator de sucos inox ex-super<\/a><\/span>. Todos os equipamentos v\u00eam equipados com tampa, c\u00e2mara de sucos, peneira, copo, castanha grande para espremer laranjas e castanha pequena para espremer lim\u00f5es<\/p>\n<\/div>\n<\/div>\n<\/div>\n","protected":false},"excerpt":{"rendered":"<p>CARACTER\u00cdSTICAS DO PRODUTO Modelo:&nbsp;EXB-N Pot\u00eancia do Motor:&nbsp;0,25CV Frequ\u00eancia:&nbsp;60Hz Tens\u00e3o:&nbsp;127\/220V Altura:&nbsp;440.00 mm Largura:&nbsp;360.00 mm Profundidade:&nbsp;270.00 mm Peso L\u00edquido:&nbsp;4.70 kg Peso Bruto:&nbsp;5.40 kg C. Fiscal:&nbsp;84388090 Rotacao:&nbsp;1750 rpm CARACTER\u00cdSTICAS DA EMBALAGEM Altura:&nbsp;400.00 mm Largura:&nbsp;440.00 mm Profundidade:&nbsp;320.00 mm Peso Bruto:&nbsp;5.40 kg C\u00f3digo EAN13:&nbsp;7895707619395 EXB-N EXTRATOR DE SUCOS INOX, C\u00c2MARA INOX Na rotina de muitos estabelecimentos, o tempo de produ\u00e7\u00e3o [&hellip;]<\/p>\n","protected":false},"featured_media":13027,"comment_status":"open","ping_status":"closed","template":"","meta":[],"product_brand":[],"product_cat":[306],"product_tag":[],"class_list":{"0":"post-13028","1":"product","2":"type-product","3":"status-publish","4":"has-post-thumbnail","6":"product_cat-extrator-de-suco","8":"first","9":"instock","10":"shipping-taxable","11":"purchasable","12":"product-type-simple"},"_links":{"self":[{"href":"https:\/\/twsites.com.br\/novomigcenter\/index.php?rest_route=\/wp\/v2\/product\/13028","targetHints":{"allow":["GET"]}}],"collection":[{"href":"https:\/\/twsites.com.br\/novomigcenter\/index.php?rest_route=\/wp\/v2\/product"}],"about":[{"href":"https:\/\/twsites.com.br\/novomigcenter\/index.php?rest_route=\/wp\/v2\/types\/product"}],"replies":[{"embeddable":true,"href":"https:\/\/twsites.com.br\/novomigcenter\/index.php?rest_route=%2Fwp%2Fv2%2Fcomments&post=13028"}],"wp:featuredmedia":[{"embeddable":true,"href":"https:\/\/twsites.com.br\/novomigcenter\/index.php?rest_route=\/wp\/v2\/media\/13027"}],"wp:attachment":[{"href":"https:\/\/twsites.com.br\/novomigcenter\/index.php?rest_route=%2Fwp%2Fv2%2Fmedia&parent=13028"}],"wp:term":[{"taxonomy":"product_brand","embeddable":true,"href":"https:\/\/twsites.com.br\/novomigcenter\/index.php?rest_route=%2Fwp%2Fv2%2Fproduct_brand&post=13028"},{"taxonomy":"product_cat","embeddable":true,"href":"https:\/\/twsites.com.br\/novomigcenter\/index.php?rest_route=%2Fwp%2Fv2%2Fproduct_cat&post=13028"},{"taxonomy":"product_tag","embeddable":true,"href":"https:\/\/twsites.com.br\/novomigcenter\/index.php?rest_route=%2Fwp%2Fv2%2Fproduct_tag&post=13028"}],"curies":[{"name":"wp","href":"https:\/\/api.w.org\/{rel}","templated":true}]}}