{"id":13050,"date":"2021-01-18T16:29:47","date_gmt":"2021-01-18T16:29:47","guid":{"rendered":"https:\/\/twsites.com.br\/novomigcenter\/?product=liquidificador-vitalex-lqi-02"},"modified":"2021-01-18T16:29:47","modified_gmt":"2021-01-18T16:29:47","slug":"liquidificador-vitalex-lqi-02","status":"publish","type":"product","link":"https:\/\/twsites.com.br\/novomigcenter\/?product=liquidificador-vitalex-lqi-02","title":{"rendered":"LIQUIDIFICADOR INDUSTRIAL 2 LITROS &#8211; VITALEX"},"content":{"rendered":"<table class=\"avia-table avia-data-table avia-table-1  avia-builder-el-4  el_before_av_textblock  avia-builder-el-first  avia_pricing_default\" itemscope=\"itemscope\" itemtype=\"https:\/\/schema.org\/Table\" style=\"margin: 0px 0px 30px; padding: 0px; border: 0px rgb(225, 225, 225); font-variant-numeric: inherit; font-variant-east-asian: inherit; font-stretch: inherit; line-height: inherit; font-family: &quot;Open Sans&quot;, HelveticaNeue, &quot;Helvetica Neue&quot;, Helvetica, Arial, sans-serif; vertical-align: baseline; width: 546.667px; background: rgb(252, 252, 252); clear: both; table-layout: fixed; color: rgb(102, 102, 102);\">\n<tbody style=\"margin: 0px; padding: 0px; border: 0px rgb(225, 225, 225); font: inherit; vertical-align: baseline;\">\n<tr class=\"\" style=\"margin: 0px; padding: 0px; border: 0px rgb(225, 225, 225); font: inherit; vertical-align: baseline; background-image: initial; background-position: initial; background-size: initial; background-repeat: initial; background-attachment: initial; background-origin: initial; background-clip: initial;\">\n<th class=\"avia-desc-col\" style=\"margin: 0px; padding: 9px 12px; border: 1px solid rgb(225, 225, 225); font-style: inherit; font-variant: inherit; font-stretch: inherit; font-size: inherit; line-height: inherit; font-family: inherit; vertical-align: baseline; letter-spacing: 1.5px; text-transform: uppercase; text-align: right;\">MODELO<\/th>\n<td class=\"\" style=\"margin: 0px; padding: 9px 12px; border-top: 1px solid rgb(225, 225, 225); border-right: 1px solid rgb(225, 225, 225); border-bottom: 1px solid rgb(225, 225, 225); border-left: none rgb(225, 225, 225); border-image: initial; font-style: inherit; font-variant: inherit; font-weight: inherit; font-stretch: inherit; line-height: inherit; font-family: inherit; vertical-align: baseline;\">LQI-02<\/td>\n<\/tr>\n<tr class=\"\" style=\"margin: 0px; padding: 0px; border: 0px rgb(225, 225, 225); font: inherit; vertical-align: baseline; background-color: rgb(255, 255, 255); color: rgb(145, 145, 145);\">\n<th class=\"avia-desc-col\" style=\"margin: 0px; padding: 9px 12px; border-top: none rgb(225, 225, 225); border-right: 1px solid rgb(225, 225, 225); border-bottom: 1px solid rgb(225, 225, 225); border-left: 1px solid rgb(225, 225, 225); border-image: initial; font-style: inherit; font-variant: inherit; font-stretch: inherit; font-size: inherit; line-height: inherit; font-family: inherit; vertical-align: baseline; letter-spacing: 1.5px; text-transform: uppercase; text-align: right;\">TENS\u00c3O<\/th>\n<td class=\"\" style=\"margin: 0px; padding: 9px 12px; border-top: none rgb(225, 225, 225); border-right: 1px solid rgb(225, 225, 225); border-bottom: 1px solid rgb(225, 225, 225); border-left: none rgb(225, 225, 225); border-image: initial; font-style: inherit; font-variant: inherit; font-weight: inherit; font-stretch: inherit; line-height: inherit; font-family: inherit; vertical-align: baseline;\">127v \/ 220v<\/td>\n<\/tr>\n<tr class=\"\" style=\"margin: 0px; padding: 0px; border: 0px rgb(225, 225, 225); font: inherit; vertical-align: baseline; background-image: initial; background-position: initial; background-size: initial; background-repeat: initial; background-attachment: initial; background-origin: initial; background-clip: initial;\">\n<th class=\"avia-desc-col\" style=\"margin: 0px; padding: 9px 12px; border-top: none rgb(225, 225, 225); border-right: 1px solid rgb(225, 225, 225); border-bottom: 1px solid rgb(225, 225, 225); border-left: 1px solid rgb(225, 225, 225); border-image: initial; font-style: inherit; font-variant: inherit; font-stretch: inherit; font-size: inherit; line-height: inherit; font-family: inherit; vertical-align: baseline; letter-spacing: 1.5px; text-transform: uppercase; text-align: right;\">POT\u00caNCIA EL\u00c9TRICA<\/th>\n<td class=\"\" style=\"margin: 0px; padding: 9px 12px; border-top: none rgb(225, 225, 225); border-right: 1px solid rgb(225, 225, 225); border-bottom: 1px solid rgb(225, 225, 225); border-left: none rgb(225, 225, 225); border-image: initial; font-style: inherit; font-variant: inherit; font-weight: inherit; font-stretch: inherit; line-height: inherit; font-family: inherit; vertical-align: baseline;\">680W<\/td>\n<\/tr>\n<tr class=\"\" style=\"margin: 0px; padding: 0px; border: 0px rgb(225, 225, 225); font: inherit; vertical-align: baseline; background-color: rgb(255, 255, 255); color: rgb(145, 145, 145);\">\n<th class=\"avia-desc-col\" style=\"margin: 0px; padding: 9px 12px; border-top: none rgb(225, 225, 225); border-right: 1px solid rgb(225, 225, 225); border-bottom: 1px solid rgb(225, 225, 225); border-left: 1px solid rgb(225, 225, 225); border-image: initial; font-style: inherit; font-variant: inherit; font-stretch: inherit; font-size: inherit; line-height: inherit; font-family: inherit; vertical-align: baseline; letter-spacing: 1.5px; text-transform: uppercase; text-align: right;\">FREQUENCIA<\/th>\n<td class=\"\" style=\"margin: 0px; padding: 9px 12px; border-top: none rgb(225, 225, 225); border-right: 1px solid rgb(225, 225, 225); border-bottom: 1px solid rgb(225, 225, 225); border-left: none rgb(225, 225, 225); border-image: initial; font-style: inherit; font-variant: inherit; font-weight: inherit; font-stretch: inherit; line-height: inherit; font-family: inherit; vertical-align: baseline;\">50Hz \/ 60 Hz<\/td>\n<\/tr>\n<tr class=\"\" style=\"margin: 0px; padding: 0px; border: 0px rgb(225, 225, 225); font: inherit; vertical-align: baseline; background-image: initial; background-position: initial; background-size: initial; background-repeat: initial; background-attachment: initial; background-origin: initial; background-clip: initial;\">\n<th class=\"avia-desc-col\" style=\"margin: 0px; padding: 9px 12px; border-top: none rgb(225, 225, 225); border-right: 1px solid rgb(225, 225, 225); border-bottom: 1px solid rgb(225, 225, 225); border-left: 1px solid rgb(225, 225, 225); border-image: initial; font-style: inherit; font-variant: inherit; font-stretch: inherit; font-size: inherit; line-height: inherit; font-family: inherit; vertical-align: baseline; letter-spacing: 1.5px; text-transform: uppercase; text-align: right;\">POT\u00caNCIA MOTOR<\/th>\n<td class=\"\" style=\"margin: 0px; padding: 9px 12px; border-top: none rgb(225, 225, 225); border-right: 1px solid rgb(225, 225, 225); border-bottom: 1px solid rgb(225, 225, 225); border-left: none rgb(225, 225, 225); border-image: initial; font-style: inherit; font-variant: inherit; font-weight: inherit; font-stretch: inherit; line-height: inherit; font-family: inherit; vertical-align: baseline;\">1\/2 CV (HP)<\/td>\n<\/tr>\n<tr class=\"\" style=\"margin: 0px; padding: 0px; border: 0px rgb(225, 225, 225); font: inherit; vertical-align: baseline; background-color: rgb(255, 255, 255); color: rgb(145, 145, 145);\">\n<th class=\"avia-desc-col\" style=\"margin: 0px; padding: 9px 12px; border-top: none rgb(225, 225, 225); border-right: 1px solid rgb(225, 225, 225); border-bottom: 1px solid rgb(225, 225, 225); border-left: 1px solid rgb(225, 225, 225); border-image: initial; font-style: inherit; font-variant: inherit; font-stretch: inherit; font-size: inherit; line-height: inherit; font-family: inherit; vertical-align: baseline; letter-spacing: 1.5px; text-transform: uppercase; text-align: right;\">ROTA\u00c7\u00c3O<\/th>\n<td class=\"\" style=\"margin: 0px; padding: 9px 12px; border-top: none rgb(225, 225, 225); border-right: 1px solid rgb(225, 225, 225); border-bottom: 1px solid rgb(225, 225, 225); border-left: none rgb(225, 225, 225); border-image: initial; font-style: inherit; font-variant: inherit; font-weight: inherit; font-stretch: inherit; line-height: inherit; font-family: inherit; vertical-align: baseline;\">3500 rpm<\/td>\n<\/tr>\n<tr class=\"\" style=\"margin: 0px; padding: 0px; border: 0px rgb(225, 225, 225); font: inherit; vertical-align: baseline; background-image: initial; background-position: initial; background-size: initial; background-repeat: initial; background-attachment: initial; background-origin: initial; background-clip: initial;\">\n<th class=\"avia-desc-col\" style=\"margin: 0px; padding: 9px 12px; border-top: none rgb(225, 225, 225); border-right: 1px solid rgb(225, 225, 225); border-bottom: 1px solid rgb(225, 225, 225); border-left: 1px solid rgb(225, 225, 225); border-image: initial; font-style: inherit; font-variant: inherit; font-stretch: inherit; font-size: inherit; line-height: inherit; font-family: inherit; vertical-align: baseline; letter-spacing: 1.5px; text-transform: uppercase; text-align: right;\">CORPO<\/th>\n<td class=\"\" style=\"margin: 0px; padding: 9px 12px; border-top: none rgb(225, 225, 225); border-right: 1px solid rgb(225, 225, 225); border-bottom: 1px solid rgb(225, 225, 225); border-left: none rgb(225, 225, 225); border-image: initial; font-style: inherit; font-variant: inherit; font-weight: inherit; font-stretch: inherit; line-height: inherit; font-family: inherit; vertical-align: baseline;\">A\u00e7o Inox<\/td>\n<\/tr>\n<tr class=\"\" style=\"margin: 0px; padding: 0px; border: 0px rgb(225, 225, 225); font: inherit; vertical-align: baseline; background-color: rgb(255, 255, 255); color: rgb(145, 145, 145);\">\n<th class=\"avia-desc-col\" style=\"margin: 0px; padding: 9px 12px; border-top: none rgb(225, 225, 225); border-right: 1px solid rgb(225, 225, 225); border-bottom: 1px solid rgb(225, 225, 225); border-left: 1px solid rgb(225, 225, 225); border-image: initial; font-style: inherit; font-variant: inherit; font-stretch: inherit; font-size: inherit; line-height: inherit; font-family: inherit; vertical-align: baseline; letter-spacing: 1.5px; text-transform: uppercase; text-align: right;\">COPO<\/th>\n<td class=\"\" style=\"margin: 0px; padding: 9px 12px; border-top: none rgb(225, 225, 225); border-right: 1px solid rgb(225, 225, 225); border-bottom: 1px solid rgb(225, 225, 225); border-left: none rgb(225, 225, 225); border-image: initial; font-style: inherit; font-variant: inherit; font-weight: inherit; font-stretch: inherit; line-height: inherit; font-family: inherit; vertical-align: baseline;\">A\u00e7o Inox<\/td>\n<\/tr>\n<tr class=\"\" style=\"margin: 0px; padding: 0px; border: 0px rgb(225, 225, 225); font: inherit; vertical-align: baseline; background-image: initial; background-position: initial; background-size: initial; background-repeat: initial; background-attachment: initial; background-origin: initial; background-clip: initial;\">\n<th class=\"avia-desc-col\" style=\"margin: 0px; padding: 9px 12px; border-top: none rgb(225, 225, 225); border-right: 1px solid rgb(225, 225, 225); border-bottom: 1px solid rgb(225, 225, 225); border-left: 1px solid rgb(225, 225, 225); border-image: initial; font-style: inherit; font-variant: inherit; font-stretch: inherit; font-size: inherit; line-height: inherit; font-family: inherit; vertical-align: baseline; letter-spacing: 1.5px; text-transform: uppercase; text-align: right;\">CAPACIDADE<\/th>\n<td class=\"\" style=\"margin: 0px; padding: 9px 12px; border-top: none rgb(225, 225, 225); border-right: 1px solid rgb(225, 225, 225); border-bottom: 1px solid rgb(225, 225, 225); border-left: none rgb(225, 225, 225); border-image: initial; font-style: inherit; font-variant: inherit; font-weight: inherit; font-stretch: inherit; line-height: inherit; font-family: inherit; vertical-align: baseline;\">2 Lts<\/td>\n<\/tr>\n<tr class=\"\" style=\"margin: 0px; padding: 0px; border: 0px rgb(225, 225, 225); font: inherit; vertical-align: baseline; background-color: rgb(255, 255, 255); color: rgb(145, 145, 145);\">\n<th class=\"avia-desc-col\" style=\"margin: 0px; padding: 9px 12px; border-top: none rgb(225, 225, 225); border-right: 1px solid rgb(225, 225, 225); border-bottom: 1px solid rgb(225, 225, 225); border-left: 1px solid rgb(225, 225, 225); border-image: initial; font-style: inherit; font-variant: inherit; font-stretch: inherit; font-size: inherit; line-height: inherit; font-family: inherit; vertical-align: baseline; letter-spacing: 1.5px; text-transform: uppercase; text-align: right;\">TAMPA<\/th>\n<td class=\"\" style=\"margin: 0px; padding: 9px 12px; border-top: none rgb(225, 225, 225); border-right: 1px solid rgb(225, 225, 225); border-bottom: 1px solid rgb(225, 225, 225); border-left: none rgb(225, 225, 225); border-image: initial; font-style: inherit; font-variant: inherit; font-weight: inherit; font-stretch: inherit; line-height: inherit; font-family: inherit; vertical-align: baseline;\">Pl\u00e1stico<\/td>\n<\/tr>\n<tr class=\"\" style=\"margin: 0px; padding: 0px; border: 0px rgb(225, 225, 225); font: inherit; vertical-align: baseline; background-image: initial; background-position: initial; background-size: initial; background-repeat: initial; background-attachment: initial; background-origin: initial; background-clip: initial;\">\n<th class=\"avia-desc-col\" style=\"margin: 0px; padding: 9px 12px; border-top: none rgb(225, 225, 225); border-right: 1px solid rgb(225, 225, 225); border-bottom: 1px solid rgb(225, 225, 225); border-left: 1px solid rgb(225, 225, 225); border-image: initial; font-style: inherit; font-variant: inherit; font-stretch: inherit; font-size: inherit; line-height: inherit; font-family: inherit; vertical-align: baseline; letter-spacing: 1.5px; text-transform: uppercase; text-align: right;\">FACAS<\/th>\n<td class=\"\" style=\"margin: 0px; padding: 9px 12px; border-top: none rgb(225, 225, 225); border-right: 1px solid rgb(225, 225, 225); border-bottom: 1px solid rgb(225, 225, 225); border-left: none rgb(225, 225, 225); border-image: initial; font-style: inherit; font-variant: inherit; font-weight: inherit; font-stretch: inherit; line-height: inherit; font-family: inherit; vertical-align: baseline;\">A\u00e7o Inox 304<\/td>\n<\/tr>\n<tr class=\"\" style=\"margin: 0px; padding: 0px; border: 0px rgb(225, 225, 225); font: inherit; vertical-align: baseline; background-color: rgb(255, 255, 255); color: rgb(145, 145, 145);\">\n<th class=\"avia-desc-col\" style=\"margin: 0px; padding: 9px 12px; border-top: none rgb(225, 225, 225); border-right: 1px solid rgb(225, 225, 225); border-bottom: 1px solid rgb(225, 225, 225); border-left: 1px solid rgb(225, 225, 225); border-image: initial; font-style: inherit; font-variant: inherit; font-stretch: inherit; font-size: inherit; line-height: inherit; font-family: inherit; vertical-align: baseline; letter-spacing: 1.5px; text-transform: uppercase; text-align: right;\">ALTURA<\/th>\n<td class=\"\" style=\"margin: 0px; padding: 9px 12px; border-top: none rgb(225, 225, 225); border-right: 1px solid rgb(225, 225, 225); border-bottom: 1px solid rgb(225, 225, 225); border-left: none rgb(225, 225, 225); border-image: initial; font-style: inherit; font-variant: inherit; font-weight: inherit; font-stretch: inherit; line-height: inherit; font-family: inherit; vertical-align: baseline;\">575mm<\/td>\n<\/tr>\n<tr class=\"\" style=\"margin: 0px; padding: 0px; border: 0px rgb(225, 225, 225); font: inherit; vertical-align: baseline; background-image: initial; background-position: initial; background-size: initial; background-repeat: initial; background-attachment: initial; background-origin: initial; background-clip: initial;\">\n<th class=\"avia-desc-col\" style=\"margin: 0px; padding: 9px 12px; border-top: none rgb(225, 225, 225); border-right: 1px solid rgb(225, 225, 225); border-bottom: 1px solid rgb(225, 225, 225); border-left: 1px solid rgb(225, 225, 225); border-image: initial; font-style: inherit; font-variant: inherit; font-stretch: inherit; font-size: inherit; line-height: inherit; font-family: inherit; vertical-align: baseline; letter-spacing: 1.5px; text-transform: uppercase; text-align: right;\">LARGURA<\/th>\n<td class=\"\" style=\"margin: 0px; padding: 9px 12px; border-top: none rgb(225, 225, 225); border-right: 1px solid rgb(225, 225, 225); border-bottom: 1px solid rgb(225, 225, 225); border-left: none rgb(225, 225, 225); border-image: initial; font-style: inherit; font-variant: inherit; font-weight: inherit; font-stretch: inherit; line-height: inherit; font-family: inherit; vertical-align: baseline;\">220mm<\/td>\n<\/tr>\n<tr class=\"\" style=\"margin: 0px; padding: 0px; border: 0px rgb(225, 225, 225); font: inherit; vertical-align: baseline; background-color: rgb(255, 255, 255); color: rgb(145, 145, 145);\">\n<th class=\"avia-desc-col\" style=\"margin: 0px; padding: 9px 12px; border-top: none rgb(225, 225, 225); border-right: 1px solid rgb(225, 225, 225); border-bottom: 1px solid rgb(225, 225, 225); border-left: 1px solid rgb(225, 225, 225); border-image: initial; font-style: inherit; font-variant: inherit; font-stretch: inherit; font-size: inherit; line-height: inherit; font-family: inherit; vertical-align: baseline; letter-spacing: 1.5px; text-transform: uppercase; text-align: right;\">PROFUNDIDADE<\/th>\n<td class=\"\" style=\"margin: 0px; padding: 9px 12px; border-top: none rgb(225, 225, 225); border-right: 1px solid rgb(225, 225, 225); border-bottom: 1px solid rgb(225, 225, 225); border-left: none rgb(225, 225, 225); border-image: initial; font-style: inherit; font-variant: inherit; font-weight: inherit; font-stretch: inherit; line-height: inherit; font-family: inherit; vertical-align: baseline;\">250mm<\/td>\n<\/tr>\n<tr class=\"\" style=\"margin: 0px; padding: 0px; border: 0px rgb(225, 225, 225); font: inherit; vertical-align: baseline; background-image: initial; background-position: initial; background-size: initial; background-repeat: initial; background-attachment: initial; background-origin: initial; background-clip: initial;\">\n<th class=\"avia-desc-col\" style=\"margin: 0px; padding: 9px 12px; border-top: none rgb(225, 225, 225); border-right: 1px solid rgb(225, 225, 225); border-bottom: 1px solid rgb(225, 225, 225); border-left: 1px solid rgb(225, 225, 225); border-image: initial; font-style: inherit; font-variant: inherit; font-stretch: inherit; font-size: inherit; line-height: inherit; font-family: inherit; vertical-align: baseline; letter-spacing: 1.5px; text-transform: uppercase; text-align: right;\">PESO L\u00cdQUIDO<\/th>\n<td class=\"\" style=\"margin: 0px; padding: 9px 12px; border-top: none rgb(225, 225, 225); border-right: 1px solid rgb(225, 225, 225); border-bottom: 1px solid rgb(225, 225, 225); border-left: none rgb(225, 225, 225); border-image: initial; font-style: inherit; font-variant: inherit; font-weight: inherit; font-stretch: inherit; line-height: inherit; font-family: inherit; vertical-align: baseline;\">8,250kg<\/td>\n<\/tr>\n<tr class=\"\" style=\"margin: 0px; padding: 0px; border: 0px rgb(225, 225, 225); font: inherit; vertical-align: baseline; background-color: rgb(255, 255, 255); color: rgb(145, 145, 145);\">\n<th class=\"avia-desc-col\" style=\"margin: 0px; padding: 9px 12px; border-top: none rgb(225, 225, 225); border-right: 1px solid rgb(225, 225, 225); border-bottom: 1px solid rgb(225, 225, 225); border-left: 1px solid rgb(225, 225, 225); border-image: initial; font-style: inherit; font-variant: inherit; font-stretch: inherit; font-size: inherit; line-height: inherit; font-family: inherit; vertical-align: baseline; letter-spacing: 1.5px; text-transform: uppercase; text-align: right;\">CONFORMIDADE<\/p>\n<p style=\"margin-top: 0.85em; margin-bottom: 0.85em; padding: 0px; border: 0px rgb(225, 225, 225); font: inherit; vertical-align: baseline;\">PORTARIA 371<\/p>\n<\/th>\n<\/tr>\n<\/tbody>\n<\/table>\n","protected":false},"excerpt":{"rendered":"<p>MODELO LQI-02 TENS\u00c3O 127v \/ 220v POT\u00caNCIA EL\u00c9TRICA 680W FREQUENCIA 50Hz \/ 60 Hz POT\u00caNCIA MOTOR 1\/2 CV (HP) ROTA\u00c7\u00c3O 3500 rpm CORPO A\u00e7o Inox COPO A\u00e7o Inox CAPACIDADE 2 Lts TAMPA Pl\u00e1stico FACAS A\u00e7o Inox 304 ALTURA 575mm LARGURA 220mm PROFUNDIDADE 250mm PESO L\u00cdQUIDO 8,250kg CONFORMIDADE PORTARIA 371<\/p>\n","protected":false},"featured_media":13049,"comment_status":"open","ping_status":"closed","template":"","meta":[],"product_brand":[],"product_cat":[313],"product_tag":[],"class_list":{"0":"post-13050","1":"product","2":"type-product","3":"status-publish","4":"has-post-thumbnail","6":"product_cat-liquidificador","8":"first","9":"instock","10":"shipping-taxable","11":"purchasable","12":"product-type-simple"},"_links":{"self":[{"href":"https:\/\/twsites.com.br\/novomigcenter\/index.php?rest_route=\/wp\/v2\/product\/13050","targetHints":{"allow":["GET"]}}],"collection":[{"href":"https:\/\/twsites.com.br\/novomigcenter\/index.php?rest_route=\/wp\/v2\/product"}],"about":[{"href":"https:\/\/twsites.com.br\/novomigcenter\/index.php?rest_route=\/wp\/v2\/types\/product"}],"replies":[{"embeddable":true,"href":"https:\/\/twsites.com.br\/novomigcenter\/index.php?rest_route=%2Fwp%2Fv2%2Fcomments&post=13050"}],"wp:featuredmedia":[{"embeddable":true,"href":"https:\/\/twsites.com.br\/novomigcenter\/index.php?rest_route=\/wp\/v2\/media\/13049"}],"wp:attachment":[{"href":"https:\/\/twsites.com.br\/novomigcenter\/index.php?rest_route=%2Fwp%2Fv2%2Fmedia&parent=13050"}],"wp:term":[{"taxonomy":"product_brand","embeddable":true,"href":"https:\/\/twsites.com.br\/novomigcenter\/index.php?rest_route=%2Fwp%2Fv2%2Fproduct_brand&post=13050"},{"taxonomy":"product_cat","embeddable":true,"href":"https:\/\/twsites.com.br\/novomigcenter\/index.php?rest_route=%2Fwp%2Fv2%2Fproduct_cat&post=13050"},{"taxonomy":"product_tag","embeddable":true,"href":"https:\/\/twsites.com.br\/novomigcenter\/index.php?rest_route=%2Fwp%2Fv2%2Fproduct_tag&post=13050"}],"curies":[{"name":"wp","href":"https:\/\/api.w.org\/{rel}","templated":true}]}}