{"id":13064,"date":"2021-01-18T16:53:59","date_gmt":"2021-01-18T16:53:59","guid":{"rendered":"https:\/\/twsites.com.br\/novomigcenter\/?product=forno-de-bancada-safanelli-45l-century"},"modified":"2021-01-18T16:53:59","modified_gmt":"2021-01-18T16:53:59","slug":"forno-de-bancada-safanelli-45l-century","status":"publish","type":"product","link":"https:\/\/twsites.com.br\/novomigcenter\/?product=forno-de-bancada-safanelli-45l-century","title":{"rendered":"Forno El\u00e9trico Profissional A\u00e7o Inox Safanelli Century 45l"},"content":{"rendered":"<div class=\"description\" id=\"anchor-description\" style=\"margin: 0px 0px 50px; padding: 0px; border: 0px; font-size: 16px; vertical-align: baseline; background: transparent; width: 1239.33px; float: left; color: rgb(64, 64, 64); font-family: arial, tahoma, verdana, sans-serif;\">\n<div class=\"description__container-text\" itemprop=\"description\" style=\"margin: 0px; padding: 0px; border: 0px; vertical-align: baseline; background: transparent; clear: both;\">\n<h2 class=\"description__product-title\" style=\"margin-right: 0px; margin-bottom: 30px; margin-left: 0px; padding: 0px; border: 0px; font-size: 16px; vertical-align: baseline; background: transparent; clear: both;\">Forno El\u00e9trico Profissional A\u00e7o Inox Safanelli Century 45l<\/h2>\n<p class=\"description__text\" style=\"margin-bottom: 30px; padding: 0px; border: 0px; vertical-align: baseline; background: transparent;\">\n<p>Forno El\u00e9trico Profissional A\u00e7o Inox Safanelli Century 45l Acompanha 2 grades Internas com n\u00edveis de ajuste. Caracter\u00edsticas do Produto: &#8211; Migalheiro &#8211; Impede o contato de res\u00edduos com a resist\u00eancia.<br \/>&#8211; Grill &#8211; Deixa os alimentos dourados e saborosos.<br \/>&#8211; Luz interna &#8211; Dispensa a abertura do forno antes da conclus\u00e3o.<br \/>&#8211; Isolamento t\u00e9rmico &#8211; Rapidez no assado com menor consumo.<br \/>&#8211; Termostato 300\u00b0 &#8211; Temperatura ajust\u00e1vel para cada assado.<br \/>&#8211; Capacidade de 45 Litros &#8211; Assados para toda a fam\u00edlia.<br \/>&#8211; Grafismos &#8211; Indicadores n\u00edtidos para controle do assado.<br \/>&#8211; Alta qualidade &#8211; Desde a produ\u00e7\u00e3o at\u00e9 a entrega ao cliente.<br \/>&#8211; Certifica\u00e7\u00e3o &#8211; Produto certificado Portaria 371\/2009 do INMETRO Caracter\u00edsticas T\u00e9cnicas: &#8211; Litros: 45Lts<br \/>&#8211; Pot\u00eancia: 2000W<br \/>&#8211; Voltagem: 127V ou 220V ~ 50-60 Hz<br \/>&#8211; Peso: 11.6 kg<br \/>&#8211; Luz interna: Sim<br \/>&#8211; Luz Piloto: n\u00e3o<br \/>&#8211; 2 Grades: Ajust\u00e1veis com 3 n\u00edveis de altura<br \/>&#8211; Acabamento interno: INOX<br \/>&#8211; Acabamento externo: INOX<br \/>&#8211; Dimens\u00e3o interna: 262A x 370L x 460P mm<br \/>&#8211; Dimens\u00e3o externa: 330A x 500L x 500P mm<br \/>&#8211; Consumo: 2,0Kw\/h<br \/>&#8211; Garantia: 1 Ano<\/p>\n<p class=\"description__text\" style=\"margin-bottom: 30px; padding: 0px; border: 0px; vertical-align: baseline; background: transparent;\">\n<table class=\"description__box--wildSand\" style=\"margin: 0px; padding: 0px; border: 0px; vertical-align: baseline; background: rgb(244, 244, 244); width: 1239.33px; float: left;\">\n<tbody style=\"margin: 0px; padding: 0px; border: 0px; vertical-align: baseline; background: transparent;\">\n<tr style=\"margin: 0px; padding: 0px; border: 0px; vertical-align: baseline; background: transparent;\">\n<td class=\"description__information-left\" style=\"margin: 0px; padding: 18px; border: 0px; vertical-align: baseline; background: transparent; width: 237.771px; float: left; font-weight: 700;\">Informa\u00e7\u00f5es t\u00e9cnicas<\/td>\n<td class=\"description__information-right\" style=\"margin: 0px; padding: 18px; border: 0px; vertical-align: baseline; background: transparent; width: 870.333px; float: right;\">\n<table class=\"description__box\" style=\"margin: 0px; padding: 0px; border: 0px; vertical-align: baseline; background-image: initial; background-position: initial; background-size: initial; background-repeat: initial; background-attachment: initial; background-origin: initial; background-clip: initial; width: 870px; float: left;\">\n<tbody style=\"margin: 0px; padding: 0px; border: 0px; vertical-align: baseline; background: transparent;\">\n<tr style=\"margin: 0px; padding: 0px; border: 0px; vertical-align: baseline; background: transparent;\">\n<td class=\"description__information-box-left\" style=\"margin: 0px 18.1042px 0px 0px; padding-right: 17.3958px; border: 0px; vertical-align: middle; background: transparent; width: 278.604px; float: none;\">Capacidade em volume<\/td>\n<td class=\"description__information-box-right\" style=\"margin: 0px; border: 0px; vertical-align: middle; background: transparent; width: 574px; float: none;\">45 L<\/td>\n<\/tr>\n<\/tbody>\n<\/table>\n<table class=\"description__box\" style=\"margin: 0px; padding: 0px; border: 0px; vertical-align: baseline; background-image: initial; background-position: initial; background-size: initial; background-repeat: initial; background-attachment: initial; background-origin: initial; background-clip: initial; width: 870px; float: left;\">\n<tbody style=\"margin: 0px; padding: 0px; border: 0px; vertical-align: baseline; background: transparent;\">\n<tr style=\"margin: 0px; padding: 0px; border: 0px; vertical-align: baseline; background: transparent;\">\n<td class=\"description__information-box-left\" style=\"margin: 0px 18.1042px 0px 0px; padding-right: 17.3958px; border: 0px; vertical-align: middle; background: transparent; width: 278.604px; float: none;\">Com luz interior<\/td>\n<td class=\"description__information-box-right\" style=\"margin: 0px; border: 0px; vertical-align: middle; background: transparent; width: 574px; float: none;\">Sim<\/td>\n<\/tr>\n<\/tbody>\n<\/table>\n<table class=\"description__box\" style=\"margin: 0px; padding: 0px; border: 0px; vertical-align: baseline; background-image: initial; background-position: initial; background-size: initial; background-repeat: initial; background-attachment: initial; background-origin: initial; background-clip: initial; width: 870px; float: left;\">\n<tbody style=\"margin: 0px; padding: 0px; border: 0px; vertical-align: baseline; background: transparent;\">\n<tr style=\"margin: 0px; padding: 0px; border: 0px; vertical-align: baseline; background: transparent;\">\n<td class=\"description__information-box-left\" style=\"margin: 0px 18.1042px 0px 0px; padding-right: 17.3958px; border: 0px; vertical-align: middle; background: transparent; width: 278.604px; float: none;\">Com termostato<\/td>\n<td class=\"description__information-box-right\" style=\"margin: 0px; border: 0px; vertical-align: middle; background: transparent; width: 574px; float: none;\">Sim<\/td>\n<\/tr>\n<\/tbody>\n<\/table>\n<table class=\"description__box\" style=\"margin: 0px; padding: 0px; border: 0px; vertical-align: baseline; background-image: initial; background-position: initial; background-size: initial; background-repeat: initial; background-attachment: initial; background-origin: initial; background-clip: initial; width: 870px; float: left;\">\n<tbody style=\"margin: 0px; padding: 0px; border: 0px; vertical-align: baseline; background: transparent;\">\n<tr style=\"margin: 0px; padding: 0px; border: 0px; vertical-align: baseline; background: transparent;\">\n<td class=\"description__information-box-left\" style=\"margin: 0px 18.1042px 0px 0px; padding-right: 17.3958px; border: 0px; vertical-align: middle; background: transparent; width: 278.604px; float: none;\">Convec\u00e7\u00e3o<\/td>\n<td class=\"description__information-box-right\" style=\"margin: 0px; border: 0px; vertical-align: middle; background: transparent; width: 574px; float: none;\">N\u00e3o<\/td>\n<\/tr>\n<\/tbody>\n<\/table>\n<table class=\"description__box\" style=\"margin: 0px; padding: 0px; border: 0px; vertical-align: baseline; background-image: initial; background-position: initial; background-size: initial; background-repeat: initial; background-attachment: initial; background-origin: initial; background-clip: initial; width: 870px; float: left;\">\n<tbody style=\"margin: 0px; padding: 0px; border: 0px; vertical-align: baseline; background: transparent;\">\n<tr style=\"margin: 0px; padding: 0px; border: 0px; vertical-align: baseline; background: transparent;\">\n<td class=\"description__information-box-left\" style=\"margin: 0px 18.1042px 0px 0px; padding-right: 17.3958px; border: 0px; vertical-align: middle; background: transparent; width: 278.604px; float: none;\">Cor<\/td>\n<td class=\"description__information-box-right\" style=\"margin: 0px; border: 0px; vertical-align: middle; background: transparent; width: 574px; float: none;\">Inox<\/td>\n<\/tr>\n<\/tbody>\n<\/table>\n<table class=\"description__box\" style=\"margin: 0px; padding: 0px; border: 0px; vertical-align: baseline; background-image: initial; background-position: initial; background-size: initial; background-repeat: initial; background-attachment: initial; background-origin: initial; background-clip: initial; width: 870px; float: left;\">\n<tbody style=\"margin: 0px; padding: 0px; border: 0px; vertical-align: baseline; background: transparent;\">\n<tr style=\"margin: 0px; padding: 0px; border: 0px; vertical-align: baseline; background: transparent;\">\n<td class=\"description__information-box-left\" style=\"margin: 0px 18.1042px 0px 0px; padding-right: 17.3958px; border: 0px; vertical-align: middle; background: transparent; width: 278.604px; float: none;\">Modelo alfanum\u00e9rico<\/td>\n<td class=\"description__information-box-right\" style=\"margin: 0px; border: 0px; vertical-align: middle; background: transparent; width: 574px; float: none;\">FIP220 \/ FIP127<\/td>\n<\/tr>\n<\/tbody>\n<\/table>\n<table class=\"description__box\" style=\"margin: 0px; padding: 0px; border: 0px; vertical-align: baseline; background-image: initial; background-position: initial; background-size: initial; background-repeat: initial; background-attachment: initial; background-origin: initial; background-clip: initial; width: 870px; float: left;\">\n<tbody style=\"margin: 0px; padding: 0px; border: 0px; vertical-align: baseline; background: transparent;\">\n<tr style=\"margin: 0px; padding: 0px; border: 0px; vertical-align: baseline; background: transparent;\">\n<td class=\"description__information-box-left\" style=\"margin: 0px 18.1042px 0px 0px; padding-right: 17.3958px; border: 0px; vertical-align: middle; background: transparent; width: 278.604px; float: none;\">Tamanho<\/td>\n<td class=\"description__information-box-right\" style=\"margin: 0px; border: 0px; vertical-align: middle; background: transparent; width: 574px; float: none;\">33 A x 50 L x 50 P cm<\/td>\n<\/tr>\n<\/tbody>\n<\/table>\n<table class=\"description__box\" style=\"margin: 0px; padding: 0px; border: 0px; vertical-align: baseline; background-image: initial; background-position: initial; background-size: initial; background-repeat: initial; background-attachment: initial; background-origin: initial; background-clip: initial; width: 870px; float: left;\">\n<tbody style=\"margin: 0px; padding: 0px; border: 0px; vertical-align: baseline; background: transparent;\">\n<tr style=\"margin: 0px; padding: 0px; border: 0px; vertical-align: baseline; background: transparent;\">\n<td class=\"description__information-box-left\" style=\"margin: 0px 18.1042px 0px 0px; padding-right: 17.3958px; border: 0px; vertical-align: middle; background: transparent; width: 278.604px; float: none;\">Tipo de montagem<\/td>\n<td class=\"description__information-box-right\" style=\"margin: 0px; border: 0px; vertical-align: middle; background: transparent; width: 574px; float: none;\">De Bancada<\/td>\n<\/tr>\n<\/tbody>\n<\/table>\n<table class=\"description__box\" style=\"margin: 0px; padding: 0px; border: 0px; vertical-align: baseline; background-image: initial; background-position: initial; background-size: initial; background-repeat: initial; background-attachment: initial; background-origin: initial; background-clip: initial; width: 870px; float: left;\">\n<tbody style=\"margin: 0px; padding: 0px; border: 0px; vertical-align: baseline; background: transparent;\">\n<tr style=\"margin: 0px; padding: 0px; border: 0px; vertical-align: baseline; background: transparent;\">\n<td class=\"description__information-box-left\" style=\"margin: 0px 18.1042px 0px 0px; padding-right: 17.3958px; border: 0px; vertical-align: middle; background: transparent; width: 278.604px; float: none;\">Tipo do forno<\/td>\n<td class=\"description__information-box-right\" style=\"margin: 0px; border: 0px; vertical-align: middle; background: transparent; width: 574px; float: none;\">El\u00e9trico<\/td>\n<\/tr>\n<\/tbody>\n<\/table>\n<table class=\"description__box\" style=\"margin: 0px; padding: 0px; border: 0px; vertical-align: baseline; background-image: initial; background-position: initial; background-size: initial; background-repeat: initial; background-attachment: initial; background-origin: initial; background-clip: initial; width: 870px; float: left;\">\n<tbody style=\"margin: 0px; padding: 0px; border: 0px; vertical-align: baseline; background: transparent;\">\n<tr style=\"margin: 0px; padding: 0px; border: 0px; vertical-align: baseline; background: transparent;\">\n<td class=\"description__information-box-left\" style=\"margin: 0px 18.1042px 0px 0px; padding-right: 17.3958px; border: 0px; vertical-align: middle; background: transparent; width: 278.604px; float: none;\">Voltagem<\/td>\n<td class=\"description__information-box-right\" style=\"margin: 0px; border: 0px; vertical-align: middle; background: transparent; width: 574px; float: none;\">127\/220V (n\u00e3o \u00e9 Bivolt<\/td>\n<\/tr>\n<\/tbody>\n<\/table>\n<\/td>\n<\/tr>\n<\/tbody>\n<\/table>\n<table class=\"description__box\" style=\"margin: 0px; padding: 0px; border: 0px; vertical-align: baseline; background-image: initial; background-position: initial; background-size: initial; background-repeat: initial; background-attachment: initial; background-origin: initial; background-clip: initial; width: 1239.33px; float: left;\">\n<tbody style=\"margin: 0px; padding: 0px; border: 0px; vertical-align: baseline; background: transparent;\">\n<tr style=\"margin: 0px; padding: 0px; border: 0px; vertical-align: baseline; background: transparent;\">\n<td class=\"description__information-left\" style=\"margin: 0px; padding: 18px; border: 0px; vertical-align: baseline; background: transparent; width: 237.771px; float: left; font-weight: 700;\">Informa\u00e7\u00f5es complementares<\/td>\n<td class=\"description__information-right\" style=\"margin: 0px; padding: 18px; border: 0px; vertical-align: baseline; background: transparent; width: 870.333px; float: right;\">\n<table class=\"description__box\" style=\"margin: 0px; padding: 0px; border: 0px; vertical-align: baseline; background-image: initial; background-position: initial; background-size: initial; background-repeat: initial; background-attachment: initial; background-origin: initial; background-clip: initial; width: 870px; float: left;\">\n<tbody style=\"margin: 0px; padding: 0px; border: 0px; vertical-align: baseline; background: transparent;\">\n<tr style=\"margin: 0px; padding: 0px; border: 0px; vertical-align: baseline; background: transparent;\">\n<td class=\"description__information-box-left\" style=\"margin: 0px 18.1042px 0px 0px; padding-right: 17.3958px; border: 0px; vertical-align: middle; background: transparent; width: 278.604px; float: none;\">Marca<\/td>\n<td class=\"description__information-box-right\" style=\"margin: 0px; border: 0px; vertical-align: middle; background: transparent; width: 574px; float: none;\">Safanelli<\/td>\n<\/tr>\n<\/tbody>\n<\/table>\n<table class=\"description__box\" style=\"margin: 0px; padding: 0px; border: 0px; vertical-align: baseline; background-image: initial; background-position: initial; background-size: initial; background-repeat: initial; background-attachment: initial; background-origin: initial; background-clip: initial; width: 870px; float: left;\">\n<tbody style=\"margin: 0px; padding: 0px; border: 0px; vertical-align: baseline; background: transparent;\">\n<tr style=\"margin: 0px; padding: 0px; border: 0px; vertical-align: baseline; background: transparent;\">\n<td class=\"description__information-box-left\" style=\"margin: 0px 18.1042px 0px 0px; padding-right: 17.3958px; border: 0px; vertical-align: middle; background: transparent; width: 278.604px; float: none;\">Voltagem<\/td>\n<td class=\"description__information-box-right\" style=\"margin: 0px; border: 0px; vertical-align: middle; background: transparent; width: 574px; float: none;\">220 V<\/td>\n<\/tr>\n<\/tbody>\n<\/table>\n<\/td>\n<\/tr>\n<\/tbody>\n<\/table>\n<\/div>\n<\/div>\n<div class=\"report-link\" style=\"margin: 0px -8px 10px; padding: 1.2em 1em; border: 0px; font-size: 16px; vertical-align: baseline; background: transparent; color: rgb(64, 64, 64); font-family: arial, tahoma, verdana, sans-serif;\"><\/div>\n","protected":false},"excerpt":{"rendered":"<p>Forno El\u00e9trico Profissional A\u00e7o Inox Safanelli Century 45l Forno El\u00e9trico Profissional A\u00e7o Inox Safanelli Century 45l Acompanha 2 grades Internas com n\u00edveis de ajuste. Caracter\u00edsticas do Produto: &#8211; Migalheiro &#8211; Impede o contato de res\u00edduos com a resist\u00eancia.&#8211; Grill &#8211; Deixa os alimentos dourados e saborosos.&#8211; Luz interna &#8211; Dispensa a abertura do forno antes [&hellip;]<\/p>\n","protected":false},"featured_media":13063,"comment_status":"open","ping_status":"closed","template":"","meta":[],"product_brand":[],"product_cat":[427],"product_tag":[],"class_list":{"0":"post-13064","1":"product","2":"type-product","3":"status-publish","4":"has-post-thumbnail","6":"product_cat-forno-convector-forno-de-bancada","8":"first","9":"instock","10":"shipping-taxable","11":"purchasable","12":"product-type-simple"},"_links":{"self":[{"href":"https:\/\/twsites.com.br\/novomigcenter\/index.php?rest_route=\/wp\/v2\/product\/13064","targetHints":{"allow":["GET"]}}],"collection":[{"href":"https:\/\/twsites.com.br\/novomigcenter\/index.php?rest_route=\/wp\/v2\/product"}],"about":[{"href":"https:\/\/twsites.com.br\/novomigcenter\/index.php?rest_route=\/wp\/v2\/types\/product"}],"replies":[{"embeddable":true,"href":"https:\/\/twsites.com.br\/novomigcenter\/index.php?rest_route=%2Fwp%2Fv2%2Fcomments&post=13064"}],"wp:featuredmedia":[{"embeddable":true,"href":"https:\/\/twsites.com.br\/novomigcenter\/index.php?rest_route=\/wp\/v2\/media\/13063"}],"wp:attachment":[{"href":"https:\/\/twsites.com.br\/novomigcenter\/index.php?rest_route=%2Fwp%2Fv2%2Fmedia&parent=13064"}],"wp:term":[{"taxonomy":"product_brand","embeddable":true,"href":"https:\/\/twsites.com.br\/novomigcenter\/index.php?rest_route=%2Fwp%2Fv2%2Fproduct_brand&post=13064"},{"taxonomy":"product_cat","embeddable":true,"href":"https:\/\/twsites.com.br\/novomigcenter\/index.php?rest_route=%2Fwp%2Fv2%2Fproduct_cat&post=13064"},{"taxonomy":"product_tag","embeddable":true,"href":"https:\/\/twsites.com.br\/novomigcenter\/index.php?rest_route=%2Fwp%2Fv2%2Fproduct_tag&post=13064"}],"curies":[{"name":"wp","href":"https:\/\/api.w.org\/{rel}","templated":true}]}}