{"id":13072,"date":"2021-04-27T13:39:41","date_gmt":"2021-04-27T13:39:41","guid":{"rendered":"https:\/\/twsites.com.br\/novomigcenter\/?product=wp-80-wictory"},"modified":"2021-04-27T13:39:41","modified_gmt":"2021-04-27T13:39:41","slug":"wp-80-wictory","status":"publish","type":"product","link":"https:\/\/twsites.com.br\/novomigcenter\/?product=wp-80-wictory","title":{"rendered":"Forno de Lastro El\u00e9trico para Pizza WP80 Wictory"},"content":{"rendered":"<p><\/p>\n<p><strong>* O consumo de energia ir\u00e1 depender do tipo de alimento a ser preparado.<\/strong><\/p>\n<p><\/p>\n<table class=\"table\" style=\"width: 93.8928%; height: 387px;\">\n<tbody>\n<tr style=\"height: 10px;\">\n<td style=\"width: 49.3655%; height: 10px;\">Fonte de energia<\/td>\n<td style=\"width: 26.108%;\"><strong>El\u00e9trico<\/strong><\/td>\n<\/tr>\n<tr style=\"height: 29px;\">\n<td style=\"width: 49.3655%; height: 29px;\">Tamanho da c\u00e2mara<\/td>\n<td style=\"width: 26.108%;\">50 x 80cm<\/td>\n<\/tr>\n<tr style=\"height: 29px;\">\n<td style=\"width: 49.3655%; height: 29px;\">Controle de Temperatura<\/td>\n<td style=\"width: 26.108%;\">0\u00b0C a 400\u00b0C<\/td>\n<\/tr>\n<tr style=\"height: 29px;\">\n<td style=\"width: 49.3655%; height: 29px;\">Tens\u00e3o (V)<\/td>\n<td style=\"width: 26.108%;\">220V1N~ \/ 220V3~ \/ 380V3N~<\/td>\n<\/tr>\n<tr style=\"height: 29px;\">\n<td style=\"width: 49.3655%; height: 29px;\">Corrente (A)<\/td>\n<td style=\"width: 26.108%;\">28 \/ 14 \/ 14<\/td>\n<\/tr>\n<tr style=\"height: 29px;\">\n<td style=\"width: 49.3655%; height: 29px;\">Consumo de energia (kW\/h)*<\/td>\n<td style=\"width: 26.108%;\">5<\/td>\n<\/tr>\n<tr style=\"height: 29px;\">\n<td style=\"width: 49.3655%; height: 29px;\">Pot\u00eancia instalada (kW)<\/td>\n<td style=\"width: 26.108%;\">7<\/td>\n<\/tr>\n<tr style=\"height: 29px;\">\n<td style=\"width: 49.3655%; height: 29px;\">Frequ\u00eancia (Hz)<\/td>\n<td style=\"width: 26.108%;\">50 \/ 60<\/td>\n<\/tr>\n<tr style=\"height: 29px;\">\n<td style=\"width: 49.3655%; height: 29px;\">Cord\u00e3o de Alimenta\u00e7\u00e3o<\/td>\n<td style=\"width: 26.108%;\">Tipo Y<\/td>\n<\/tr>\n<tr style=\"height: 29px;\">\n<td style=\"width: 49.3655%; height: 29px;\">Classe<\/td>\n<td style=\"width: 26.108%;\">I<\/td>\n<\/tr>\n<tr>\n<td style=\"width: 49.3655%;\">Grau de Prote\u00e7\u00e3o (IP)<\/td>\n<td style=\"width: 26.108%;\">IPX3<\/td>\n<\/tr>\n<tr style=\"height: 29px;\">\n<td style=\"width: 49.3655%; height: 29px;\">Alt x Larg x Profundidade (mm)<\/td>\n<td style=\"width: 26.108%;\">334 x 990 x 690<\/td>\n<\/tr>\n<tr style=\"height: 29px;\">\n<td style=\"width: 49.3655%; height: 29px;\">Peso (kg)<\/td>\n<td style=\"width: 26.108%;\">41<\/td>\n<\/tr>\n<\/tbody>\n<\/table>\n<p><\/p>\n","protected":false},"excerpt":{"rendered":"<p>* O consumo de energia ir\u00e1 depender do tipo de alimento a ser preparado. Fonte de energia El\u00e9trico Tamanho da c\u00e2mara 50 x 80cm Controle de Temperatura 0\u00b0C a 400\u00b0C Tens\u00e3o (V) 220V1N~ \/ 220V3~ \/ 380V3N~ Corrente (A) 28 \/ 14 \/ 14 Consumo de energia (kW\/h)* 5 Pot\u00eancia instalada (kW) 7 Frequ\u00eancia (Hz) [&hellip;]<\/p>\n","protected":false},"featured_media":13071,"comment_status":"open","ping_status":"closed","template":"","meta":[],"product_brand":[],"product_cat":[398],"product_tag":[],"class_list":{"0":"post-13072","1":"product","2":"type-product","3":"status-publish","4":"has-post-thumbnail","6":"product_cat-forno-guilhotina","8":"first","9":"instock","10":"shipping-taxable","11":"purchasable","12":"product-type-simple"},"_links":{"self":[{"href":"https:\/\/twsites.com.br\/novomigcenter\/index.php?rest_route=\/wp\/v2\/product\/13072","targetHints":{"allow":["GET"]}}],"collection":[{"href":"https:\/\/twsites.com.br\/novomigcenter\/index.php?rest_route=\/wp\/v2\/product"}],"about":[{"href":"https:\/\/twsites.com.br\/novomigcenter\/index.php?rest_route=\/wp\/v2\/types\/product"}],"replies":[{"embeddable":true,"href":"https:\/\/twsites.com.br\/novomigcenter\/index.php?rest_route=%2Fwp%2Fv2%2Fcomments&post=13072"}],"wp:featuredmedia":[{"embeddable":true,"href":"https:\/\/twsites.com.br\/novomigcenter\/index.php?rest_route=\/wp\/v2\/media\/13071"}],"wp:attachment":[{"href":"https:\/\/twsites.com.br\/novomigcenter\/index.php?rest_route=%2Fwp%2Fv2%2Fmedia&parent=13072"}],"wp:term":[{"taxonomy":"product_brand","embeddable":true,"href":"https:\/\/twsites.com.br\/novomigcenter\/index.php?rest_route=%2Fwp%2Fv2%2Fproduct_brand&post=13072"},{"taxonomy":"product_cat","embeddable":true,"href":"https:\/\/twsites.com.br\/novomigcenter\/index.php?rest_route=%2Fwp%2Fv2%2Fproduct_cat&post=13072"},{"taxonomy":"product_tag","embeddable":true,"href":"https:\/\/twsites.com.br\/novomigcenter\/index.php?rest_route=%2Fwp%2Fv2%2Fproduct_tag&post=13072"}],"curies":[{"name":"wp","href":"https:\/\/api.w.org\/{rel}","templated":true}]}}