{"id":13074,"date":"2021-04-27T13:43:41","date_gmt":"2021-04-27T13:43:41","guid":{"rendered":"https:\/\/twsites.com.br\/novomigcenter\/?product=wcv-535-wictory"},"modified":"2021-04-27T13:43:41","modified_gmt":"2021-04-27T13:43:41","slug":"wcv-535-wictory","status":"publish","type":"product","link":"https:\/\/twsites.com.br\/novomigcenter\/?product=wcv-535-wictory","title":{"rendered":"Forno Convector Mini Turbo WCV 535 &#8211; Wictory"},"content":{"rendered":"<p><\/p>\n<p><strong>*O consumo de energia ir\u00e1 depender do tipo de alimento a ser preparado.<\/strong><\/p>\n<p><\/p>\n<table class=\"table\" style=\"width: 93.8928%; height: 387px;\">\n<tbody>\n<tr style=\"height: 10px;\">\n<td style=\"width: 49.3655%; height: 10px;\">Fonte de energia<\/td>\n<td style=\"width: 26.108%;\"><strong>El\u00e9trico<\/strong><\/td>\n<\/tr>\n<tr style=\"height: 29px;\">\n<td style=\"width: 49.3655%; height: 29px;\">Capacidade produtiva<\/td>\n<td style=\"width: 26.108%;\">5 assadeiras 35x35cm<\/td>\n<\/tr>\n<tr style=\"height: 29px;\">\n<td style=\"width: 49.3655%; height: 29px;\">N\u00ba de p\u00e3es por fornada<\/td>\n<td style=\"width: 26.108%;\">60<\/td>\n<\/tr>\n<tr style=\"height: 29px;\">\n<td style=\"width: 49.3655%; height: 29px;\">Tens\u00e3o (V)<\/td>\n<td style=\"width: 26.108%;\">220V1N~<\/td>\n<\/tr>\n<tr style=\"height: 29px;\">\n<td style=\"width: 49.3655%; height: 29px;\">Corrente (A)<\/td>\n<td style=\"width: 26.108%;\">12<\/td>\n<\/tr>\n<tr style=\"height: 29px;\">\n<td style=\"width: 49.3655%; height: 29px;\">Consumo de energia (kW\/h)<strong>*<\/strong><\/td>\n<td style=\"width: 26.108%;\">1,8<\/td>\n<\/tr>\n<tr style=\"height: 29px;\">\n<td style=\"width: 49.3655%; height: 29px;\">Pot\u00eancia instalada (kW)<\/td>\n<td style=\"width: 26.108%;\">2,7<\/td>\n<\/tr>\n<tr style=\"height: 29px;\">\n<td style=\"width: 49.3655%; height: 29px;\">Press\u00e3o entrada de \u00e1gua (kgf\/cm\u00b2)<\/td>\n<td style=\"width: 26.108%;\">0,8-2kgf\/cm\u00b2<\/td>\n<\/tr>\n<tr style=\"height: 29px;\">\n<td style=\"width: 49.3655%; height: 29px;\">Conex\u00f5es de entrada de \u00e1gua (BSP)<\/td>\n<td style=\"width: 26.108%;\">3\/4\u2033<\/td>\n<\/tr>\n<tr>\n<td style=\"width: 49.3655%;\">Frequ\u00eancia (Hz)<\/td>\n<td style=\"width: 26.108%;\">60<\/td>\n<\/tr>\n<tr>\n<td style=\"width: 49.3655%;\">Cord\u00e3o de alimenta\u00e7\u00e3o<\/td>\n<td style=\"width: 26.108%;\">Tipo Y<\/td>\n<\/tr>\n<tr>\n<td style=\"width: 49.3655%;\">Classe<\/td>\n<td style=\"width: 26.108%;\">I<\/td>\n<\/tr>\n<tr>\n<td style=\"width: 49.3655%;\">Grau de prote\u00e7\u00e3o (IP)<\/td>\n<td style=\"width: 26.108%;\">IPX4<\/td>\n<\/tr>\n<tr style=\"height: 29px;\">\n<td style=\"width: 49.3655%; height: 29px;\">Alt x Larg x Profundidade (mm)<\/td>\n<td style=\"width: 26.108%;\">520 x 585 x 656<\/td>\n<\/tr>\n<tr style=\"height: 29px;\">\n<td style=\"width: 49.3655%; height: 29px;\">Peso (kg)<\/td>\n<td style=\"width: 26.108%;\">22<\/td>\n<\/tr>\n<\/tbody>\n<\/table>\n<p><\/p>\n","protected":false},"excerpt":{"rendered":"<p>*O consumo de energia ir\u00e1 depender do tipo de alimento a ser preparado. Fonte de energia El\u00e9trico Capacidade produtiva 5 assadeiras 35x35cm N\u00ba de p\u00e3es por fornada 60 Tens\u00e3o (V) 220V1N~ Corrente (A) 12 Consumo de energia (kW\/h)* 1,8 Pot\u00eancia instalada (kW) 2,7 Press\u00e3o entrada de \u00e1gua (kgf\/cm\u00b2) 0,8-2kgf\/cm\u00b2 Conex\u00f5es de entrada de \u00e1gua (BSP) [&hellip;]<\/p>\n","protected":false},"featured_media":13073,"comment_status":"open","ping_status":"closed","template":"","meta":[],"product_brand":[],"product_cat":[427],"product_tag":[],"class_list":{"0":"post-13074","1":"product","2":"type-product","3":"status-publish","4":"has-post-thumbnail","6":"product_cat-forno-convector-forno-de-bancada","8":"first","9":"instock","10":"shipping-taxable","11":"purchasable","12":"product-type-simple"},"_links":{"self":[{"href":"https:\/\/twsites.com.br\/novomigcenter\/index.php?rest_route=\/wp\/v2\/product\/13074","targetHints":{"allow":["GET"]}}],"collection":[{"href":"https:\/\/twsites.com.br\/novomigcenter\/index.php?rest_route=\/wp\/v2\/product"}],"about":[{"href":"https:\/\/twsites.com.br\/novomigcenter\/index.php?rest_route=\/wp\/v2\/types\/product"}],"replies":[{"embeddable":true,"href":"https:\/\/twsites.com.br\/novomigcenter\/index.php?rest_route=%2Fwp%2Fv2%2Fcomments&post=13074"}],"wp:featuredmedia":[{"embeddable":true,"href":"https:\/\/twsites.com.br\/novomigcenter\/index.php?rest_route=\/wp\/v2\/media\/13073"}],"wp:attachment":[{"href":"https:\/\/twsites.com.br\/novomigcenter\/index.php?rest_route=%2Fwp%2Fv2%2Fmedia&parent=13074"}],"wp:term":[{"taxonomy":"product_brand","embeddable":true,"href":"https:\/\/twsites.com.br\/novomigcenter\/index.php?rest_route=%2Fwp%2Fv2%2Fproduct_brand&post=13074"},{"taxonomy":"product_cat","embeddable":true,"href":"https:\/\/twsites.com.br\/novomigcenter\/index.php?rest_route=%2Fwp%2Fv2%2Fproduct_cat&post=13074"},{"taxonomy":"product_tag","embeddable":true,"href":"https:\/\/twsites.com.br\/novomigcenter\/index.php?rest_route=%2Fwp%2Fv2%2Fproduct_tag&post=13074"}],"curies":[{"name":"wp","href":"https:\/\/api.w.org\/{rel}","templated":true}]}}