{"id":13076,"date":"2021-04-27T13:57:44","date_gmt":"2021-04-27T13:57:44","guid":{"rendered":"https:\/\/twsites.com.br\/novomigcenter\/?product=wcaa-03-digital-wictory"},"modified":"2021-04-27T13:57:44","modified_gmt":"2021-04-27T13:57:44","slug":"wcaa-03-digital-wictory","status":"publish","type":"product","link":"https:\/\/twsites.com.br\/novomigcenter\/?product=wcaa-03-digital-wictory","title":{"rendered":"Forno Combinado El\u00e9trico 3 GNS 1\/1 WCAA-03 Digital &#8211; Wictory"},"content":{"rendered":"<p><\/p>\n<p><strong>* O consumo de energia ir\u00e1 depender do tipo de alimento a ser preparado.<\/strong><\/p>\n<p><\/p>\n<table class=\"table\" style=\"width: 93.8928%; height: 387px;\">\n<tbody>\n<tr style=\"height: 10px;\">\n<td style=\"width: 49.3655%; height: 10px;\">Fonte de energia<\/td>\n<td style=\"width: 26.108%; height: 10px;\"><strong>El\u00e9trico<\/strong><\/td>\n<\/tr>\n<tr style=\"height: 29px;\">\n<td style=\"width: 49.3655%; height: 29px;\">Capacidade de GN\u00b4s<\/td>\n<td style=\"width: 26.108%; height: 29px;\">3 GN\u00b4s 1\/1<\/td>\n<\/tr>\n<tr style=\"height: 29px;\">\n<td style=\"width: 49.3655%; height: 29px;\">N\u00ba de Refei\u00e7\u00f5es (aprox.)<\/td>\n<td style=\"width: 26.108%; height: 29px;\">60<\/td>\n<\/tr>\n<tr style=\"height: 29px;\">\n<td style=\"width: 49.3655%; height: 29px;\">Tipo de alimenta\u00e7\u00e3o<\/td>\n<td style=\"width: 26.108%; height: 29px;\">El\u00e9trico<\/td>\n<\/tr>\n<tr style=\"height: 29px;\">\n<td style=\"width: 49.3655%; height: 29px;\">Tens\u00e3o (V)<strong>*<\/strong><\/td>\n<td style=\"width: 26.108%; height: 29px;\">220V<\/td>\n<\/tr>\n<tr style=\"height: 29px;\">\n<td style=\"width: 49.3655%; height: 29px;\">Corrente (A)<\/td>\n<td style=\"width: 26.108%; height: 29px;\">32<\/td>\n<\/tr>\n<tr style=\"height: 29px;\">\n<td style=\"width: 49.3655%; height: 29px;\">Consumo de energia (kW\/h)<strong>*<\/strong><\/td>\n<td style=\"width: 26.108%; height: 29px;\">3,1<\/td>\n<\/tr>\n<tr style=\"height: 29px;\">\n<td style=\"width: 49.3655%; height: 29px;\">Pot\u00eancia instalada (kW)<\/td>\n<td style=\"width: 26.108%; height: 29px;\">4,1<\/td>\n<\/tr>\n<tr style=\"height: 29px;\">\n<td style=\"width: 49.3655%; height: 29px;\">Press\u00e3o entrada de \u00e1gua (kgf\/cm\u00b2)<\/td>\n<td style=\"width: 26.108%; height: 29px;\">0,8-2kgf\/cm\u00b2<\/td>\n<\/tr>\n<tr style=\"height: 29px;\">\n<td style=\"width: 49.3655%; height: 29px;\">Conex\u00f5es de entrada de \u00e1gua (BSP)<\/td>\n<td style=\"width: 26.108%; height: 29px;\">3\/4\u2033<\/td>\n<\/tr>\n<tr style=\"height: 29px;\">\n<td style=\"width: 49.3655%; height: 29px;\">Conex\u00f5es de sa\u00edda esgoto<\/td>\n<td style=\"width: 26.108%; height: 29px;\">\u00d8 1 1\/4\u2033<\/td>\n<\/tr>\n<tr style=\"height: 29px;\">\n<td style=\"width: 49.3655%; height: 29px;\">Alt x Larg x Profundidade (mm)<\/td>\n<td style=\"width: 26.108%; height: 29px;\">480 x 660 x 780<\/td>\n<\/tr>\n<tr style=\"height: 29px;\">\n<td style=\"width: 49.3655%; height: 29px;\">Altura com cavalete (mm)<\/td>\n<td style=\"width: 26.108%; height: 29px;\">1364<\/td>\n<\/tr>\n<tr style=\"height: 29px;\">\n<td style=\"width: 49.3655%; height: 29px;\">Peso (kg)<\/td>\n<td style=\"width: 26.108%; height: 29px;\">38<\/td>\n<\/tr>\n<\/tbody>\n<\/table>\n<p><\/p>\n","protected":false},"excerpt":{"rendered":"<p>* O consumo de energia ir\u00e1 depender do tipo de alimento a ser preparado. Fonte de energia El\u00e9trico Capacidade de GN\u00b4s 3 GN\u00b4s 1\/1 N\u00ba de Refei\u00e7\u00f5es (aprox.) 60 Tipo de alimenta\u00e7\u00e3o El\u00e9trico Tens\u00e3o (V)* 220V Corrente (A) 32 Consumo de energia (kW\/h)* 3,1 Pot\u00eancia instalada (kW) 4,1 Press\u00e3o entrada de \u00e1gua (kgf\/cm\u00b2) 0,8-2kgf\/cm\u00b2 Conex\u00f5es [&hellip;]<\/p>\n","protected":false},"featured_media":13075,"comment_status":"open","ping_status":"closed","template":"","meta":[],"product_brand":[],"product_cat":[392],"product_tag":[],"class_list":{"0":"post-13076","1":"product","2":"type-product","3":"status-publish","4":"has-post-thumbnail","6":"product_cat-forno-combinado-eletrico","8":"first","9":"instock","10":"shipping-taxable","11":"purchasable","12":"product-type-simple"},"_links":{"self":[{"href":"https:\/\/twsites.com.br\/novomigcenter\/index.php?rest_route=\/wp\/v2\/product\/13076","targetHints":{"allow":["GET"]}}],"collection":[{"href":"https:\/\/twsites.com.br\/novomigcenter\/index.php?rest_route=\/wp\/v2\/product"}],"about":[{"href":"https:\/\/twsites.com.br\/novomigcenter\/index.php?rest_route=\/wp\/v2\/types\/product"}],"replies":[{"embeddable":true,"href":"https:\/\/twsites.com.br\/novomigcenter\/index.php?rest_route=%2Fwp%2Fv2%2Fcomments&post=13076"}],"wp:featuredmedia":[{"embeddable":true,"href":"https:\/\/twsites.com.br\/novomigcenter\/index.php?rest_route=\/wp\/v2\/media\/13075"}],"wp:attachment":[{"href":"https:\/\/twsites.com.br\/novomigcenter\/index.php?rest_route=%2Fwp%2Fv2%2Fmedia&parent=13076"}],"wp:term":[{"taxonomy":"product_brand","embeddable":true,"href":"https:\/\/twsites.com.br\/novomigcenter\/index.php?rest_route=%2Fwp%2Fv2%2Fproduct_brand&post=13076"},{"taxonomy":"product_cat","embeddable":true,"href":"https:\/\/twsites.com.br\/novomigcenter\/index.php?rest_route=%2Fwp%2Fv2%2Fproduct_cat&post=13076"},{"taxonomy":"product_tag","embeddable":true,"href":"https:\/\/twsites.com.br\/novomigcenter\/index.php?rest_route=%2Fwp%2Fv2%2Fproduct_tag&post=13076"}],"curies":[{"name":"wp","href":"https:\/\/api.w.org\/{rel}","templated":true}]}}