{"id":13082,"date":"2021-04-27T14:13:17","date_gmt":"2021-04-27T14:13:17","guid":{"rendered":"https:\/\/twsites.com.br\/novomigcenter\/?product=wcaa-08-gas-wictory"},"modified":"2021-04-27T14:13:17","modified_gmt":"2021-04-27T14:13:17","slug":"wcaa-08-gas-wictory","status":"publish","type":"product","link":"https:\/\/twsites.com.br\/novomigcenter\/?product=wcaa-08-gas-wictory","title":{"rendered":"Forno Combinado Digital \u00e0 G\u00e1s 8 GN&#8217;s 1\/1 &#8211; WCAA-08- Wictory"},"content":{"rendered":"<p>                   <strong>* Consulte tens\u00f5es especiais solicitando or\u00e7amento.<\/strong><\/p>\n<p> <strong>** O consumo de energia ir\u00e1 depender do tipo de alimento a ser preparado.<\/strong><\/p>\n<table class=\"table\" style=\"width: 93.8928%; height: 387px;\">\n<tbody>\n<tr style=\"height: 10px;\">\n<td style=\"width: 49.3655%; height: 10px;\">Fonte de energia<\/td>\n<td style=\"width: 26.108%;\"><\/td>\n<td style=\"width: 95.6745%; height: 10px;\"><strong>G\u00e1s<\/strong><\/td>\n<\/tr>\n<tr style=\"height: 29px;\">\n<td style=\"width: 49.3655%; height: 29px;\">Capacidade de GN\u00b4s<\/td>\n<td style=\"width: 26.108%;\"><\/td>\n<td style=\"width: 95.6745%; height: 29px;\">8 GN\u00b4s 1\/1<\/td>\n<\/tr>\n<tr style=\"height: 29px;\">\n<td style=\"width: 49.3655%; height: 29px;\">N\u00ba de Refei\u00e7\u00f5es (aprox.)<\/td>\n<td style=\"width: 26.108%;\"><\/td>\n<td style=\"width: 95.6745%; height: 29px;\">350<\/td>\n<\/tr>\n<tr style=\"height: 29px;\">\n<td style=\"width: 49.3655%; height: 29px;\">Tipo de alimenta\u00e7\u00e3o<\/td>\n<td style=\"width: 26.108%;\"><\/td>\n<td style=\"width: 95.6745%; height: 29px;\">GLP\/GN<\/td>\n<\/tr>\n<tr style=\"height: 29px;\">\n<td style=\"width: 49.3655%; height: 29px;\">Tens\u00e3o (V)<strong>*<\/strong><\/td>\n<td style=\"width: 26.108%;\"><\/td>\n<td style=\"width: 95.6745%; height: 29px;\">220~<\/td>\n<\/tr>\n<tr style=\"height: 29px;\">\n<td style=\"width: 49.3655%; height: 29px;\">Corrente (A)<\/td>\n<td style=\"width: 26.108%;\"><\/td>\n<td style=\"width: 95.6745%; height: 29px;\">2<\/td>\n<\/tr>\n<tr style=\"height: 29px;\">\n<td style=\"width: 49.3655%; height: 29px;\">Consumo de energia (kW\/h \u2013 kg\/h)<strong>**<\/strong><\/td>\n<td style=\"width: 26.108%;\"><\/td>\n<td style=\"width: 95.6745%; height: 29px;\">1<\/td>\n<\/tr>\n<tr style=\"height: 29px;\">\n<td style=\"width: 49.3655%; height: 29px;\">Pot\u00eancia instalada (kW \u2013 kcal\/h)<\/td>\n<td style=\"width: 26.108%;\"><\/td>\n<td style=\"width: 95.6745%; height: 29px;\">16500 \/ 14200<\/td>\n<\/tr>\n<tr style=\"height: 29px;\">\n<td style=\"width: 49.3655%; height: 29px;\">Press\u00e3o entrada de \u00e1gua (kgf\/cm\u00b2)<\/td>\n<td style=\"width: 26.108%;\"><\/td>\n<td style=\"width: 95.6745%; height: 29px;\">0,8-2kgf\/cm\u00b2<\/td>\n<\/tr>\n<tr style=\"height: 29px;\">\n<td style=\"width: 49.3655%; height: 29px;\">Conex\u00f5es de entrada de \u00e1gua (BSP)<\/td>\n<td style=\"width: 26.108%;\"><\/td>\n<td style=\"width: 95.6745%; height: 29px;\">3\/4\u2033<\/td>\n<\/tr>\n<tr style=\"height: 29px;\">\n<td style=\"width: 49.3655%; height: 29px;\">Conex\u00f5es de sa\u00edda esgoto<\/td>\n<td style=\"width: 26.108%;\"><\/td>\n<td style=\"width: 95.6745%; height: 29px;\">\u00d8 1 1\/4\u2033<\/td>\n<\/tr>\n<tr style=\"height: 29px;\">\n<td style=\"width: 49.3655%; height: 29px;\">Alt x Larg x Profundidade (mm)<\/td>\n<td style=\"width: 26.108%;\"><\/td>\n<td style=\"width: 95.6745%; height: 29px;\">962 x 850 x 875<\/td>\n<\/tr>\n<tr style=\"height: 29px;\">\n<td style=\"width: 49.3655%; height: 29px;\">Altura com cavalete (mm)<\/td>\n<td style=\"width: 26.108%;\"><\/td>\n<td style=\"width: 95.6745%; height: 29px;\">1710<\/td>\n<\/tr>\n<tr style=\"height: 29px;\">\n<td style=\"width: 49.3655%; height: 29px;\">Peso (kg)<\/td>\n<td style=\"width: 26.108%;\"><\/td>\n<td style=\"width: 95.6745%; height: 29px;\">133<\/td>\n<\/tr>\n<\/tbody>\n<\/table>\n<p><\/p>\n","protected":false},"excerpt":{"rendered":"<p>* Consulte tens\u00f5es especiais solicitando or\u00e7amento. ** O consumo de energia ir\u00e1 depender do tipo de alimento a ser preparado. Fonte de energia G\u00e1s Capacidade de GN\u00b4s 8 GN\u00b4s 1\/1 N\u00ba de Refei\u00e7\u00f5es (aprox.) 350 Tipo de alimenta\u00e7\u00e3o GLP\/GN Tens\u00e3o (V)* 220~ Corrente (A) 2 Consumo de energia (kW\/h \u2013 kg\/h)** 1 Pot\u00eancia instalada (kW [&hellip;]<\/p>\n","protected":false},"featured_media":13080,"comment_status":"open","ping_status":"closed","template":"","meta":[],"product_brand":[],"product_cat":[391],"product_tag":[],"class_list":{"0":"post-13082","1":"product","2":"type-product","3":"status-publish","4":"has-post-thumbnail","6":"product_cat-forno-combinado-a-gas","8":"first","9":"instock","10":"shipping-taxable","11":"purchasable","12":"product-type-simple"},"_links":{"self":[{"href":"https:\/\/twsites.com.br\/novomigcenter\/index.php?rest_route=\/wp\/v2\/product\/13082","targetHints":{"allow":["GET"]}}],"collection":[{"href":"https:\/\/twsites.com.br\/novomigcenter\/index.php?rest_route=\/wp\/v2\/product"}],"about":[{"href":"https:\/\/twsites.com.br\/novomigcenter\/index.php?rest_route=\/wp\/v2\/types\/product"}],"replies":[{"embeddable":true,"href":"https:\/\/twsites.com.br\/novomigcenter\/index.php?rest_route=%2Fwp%2Fv2%2Fcomments&post=13082"}],"wp:featuredmedia":[{"embeddable":true,"href":"https:\/\/twsites.com.br\/novomigcenter\/index.php?rest_route=\/wp\/v2\/media\/13080"}],"wp:attachment":[{"href":"https:\/\/twsites.com.br\/novomigcenter\/index.php?rest_route=%2Fwp%2Fv2%2Fmedia&parent=13082"}],"wp:term":[{"taxonomy":"product_brand","embeddable":true,"href":"https:\/\/twsites.com.br\/novomigcenter\/index.php?rest_route=%2Fwp%2Fv2%2Fproduct_brand&post=13082"},{"taxonomy":"product_cat","embeddable":true,"href":"https:\/\/twsites.com.br\/novomigcenter\/index.php?rest_route=%2Fwp%2Fv2%2Fproduct_cat&post=13082"},{"taxonomy":"product_tag","embeddable":true,"href":"https:\/\/twsites.com.br\/novomigcenter\/index.php?rest_route=%2Fwp%2Fv2%2Fproduct_tag&post=13082"}],"curies":[{"name":"wp","href":"https:\/\/api.w.org\/{rel}","templated":true}]}}