{"id":13090,"date":"2021-04-27T14:36:41","date_gmt":"2021-04-27T14:36:41","guid":{"rendered":"https:\/\/twsites.com.br\/novomigcenter\/?product=forno-wcaa20v-eletrico-wictory"},"modified":"2021-04-27T14:36:41","modified_gmt":"2021-04-27T14:36:41","slug":"forno-wcaa20v-eletrico-wictory","status":"publish","type":"product","link":"https:\/\/twsites.com.br\/novomigcenter\/?product=forno-wcaa20v-eletrico-wictory","title":{"rendered":"Forno Combinado El\u00e9trico 20 GN&#8217;s 1\/1 WCAA-20V Digital &#8211; Wictory"},"content":{"rendered":"<p>                  <strong>* Consulte tens\u00f5es especiais solicitando or\u00e7amento.<\/strong><\/p>\n<p><strong>** O consumo de energia ir\u00e1 depender do tipo de alimento a ser preparado.<\/strong><\/p>\n<table class=\"table\" style=\"width: 93.8928%; height: 387px;\">\n<tbody>\n<tr style=\"height: 10px;\">\n<td style=\"width: 49.3655%; height: 10px;\">Fonte de energia<\/td>\n<td style=\"width: 26.108%;\"><strong>El\u00e9trico<\/strong><\/td>\n<td style=\"width: 95.6745%; height: 10px;\"><\/td>\n<\/tr>\n<tr style=\"height: 29px;\">\n<td style=\"width: 49.3655%; height: 29px;\">Capacidade de GN\u00b4s<\/td>\n<td style=\"width: 26.108%;\">20 GN\u00b4s 1\/1<\/td>\n<td style=\"width: 95.6745%; height: 29px;\"><\/td>\n<\/tr>\n<tr style=\"height: 29px;\">\n<td style=\"width: 49.3655%; height: 29px;\">N\u00ba de Refei\u00e7\u00f5es (aprox.)<\/td>\n<td style=\"width: 26.108%;\">1050<\/td>\n<td style=\"width: 95.6745%; height: 29px;\"><\/td>\n<\/tr>\n<tr style=\"height: 29px;\">\n<td style=\"width: 49.3655%; height: 29px;\">Tipo de alimenta\u00e7\u00e3o<\/td>\n<td style=\"width: 26.108%;\">El\u00e9trico<\/td>\n<td style=\"width: 95.6745%; height: 29px;\"><\/td>\n<\/tr>\n<tr style=\"height: 29px;\">\n<td style=\"width: 49.3655%; height: 29px;\">Tens\u00e3o (V)<strong>*<\/strong><\/td>\n<td style=\"width: 26.108%;\">220V3~\/380V3N<\/td>\n<td style=\"width: 95.6745%; height: 29px;\"><\/td>\n<\/tr>\n<tr style=\"height: 29px;\">\n<td style=\"width: 49.3655%; height: 29px;\">Corrente (A)<\/td>\n<td style=\"width: 26.108%;\">130 \/ 65<\/td>\n<td style=\"width: 95.6745%; height: 29px;\"><\/td>\n<\/tr>\n<tr style=\"height: 29px;\">\n<td style=\"width: 49.3655%; height: 29px;\">Consumo de energia (kW\/h \u2013 kg\/h)<strong>**<\/strong><\/td>\n<td style=\"width: 26.108%;\">27<\/td>\n<td style=\"width: 95.6745%; height: 29px;\"><\/td>\n<\/tr>\n<tr style=\"height: 29px;\">\n<td style=\"width: 49.3655%; height: 29px;\">Pot\u00eancia instalada (kW \u2013 kcal\/h)<\/td>\n<td style=\"width: 26.108%;\">35<\/td>\n<td style=\"width: 95.6745%; height: 29px;\"><\/td>\n<\/tr>\n<tr style=\"height: 29px;\">\n<td style=\"width: 49.3655%; height: 29px;\">Press\u00e3o entrada de \u00e1gua (kgf\/cm\u00b2)<\/td>\n<td style=\"width: 26.108%;\">0,8-2kgf\/cm\u00b2<\/td>\n<td style=\"width: 95.6745%; height: 29px;\"><\/td>\n<\/tr>\n<tr style=\"height: 29px;\">\n<td style=\"width: 49.3655%; height: 29px;\">Conex\u00f5es de entrada de \u00e1gua (BSP)<\/td>\n<td style=\"width: 26.108%;\">3\/4\u2033<\/td>\n<td style=\"width: 95.6745%; height: 29px;\"><\/td>\n<\/tr>\n<tr style=\"height: 29px;\">\n<td style=\"width: 49.3655%; height: 29px;\">Conex\u00f5es de sa\u00edda esgoto<\/td>\n<td style=\"width: 26.108%;\">\u00d8 1 1\/4\u2033<\/td>\n<td style=\"width: 95.6745%; height: 29px;\"><\/td>\n<\/tr>\n<tr style=\"height: 29px;\">\n<td style=\"width: 49.3655%; height: 29px;\">Alt x Larg x Profundidade (mm)<\/td>\n<td style=\"width: 26.108%;\">1970 x 905 x 935<\/td>\n<td style=\"width: 95.6745%; height: 29px;\"><\/td>\n<\/tr>\n<tr style=\"height: 29px;\">\n<td style=\"width: 49.3655%; height: 29px;\">Peso (kg)<\/td>\n<td style=\"width: 26.108%;\">270<\/td>\n<td style=\"width: 95.6745%; height: 29px;\"><\/td>\n<\/tr>\n<\/tbody>\n<\/table>\n<p><\/p>\n","protected":false},"excerpt":{"rendered":"<p>* Consulte tens\u00f5es especiais solicitando or\u00e7amento. ** O consumo de energia ir\u00e1 depender do tipo de alimento a ser preparado. Fonte de energia El\u00e9trico Capacidade de GN\u00b4s 20 GN\u00b4s 1\/1 N\u00ba de Refei\u00e7\u00f5es (aprox.) 1050 Tipo de alimenta\u00e7\u00e3o El\u00e9trico Tens\u00e3o (V)* 220V3~\/380V3N Corrente (A) 130 \/ 65 Consumo de energia (kW\/h \u2013 kg\/h)** 27 Pot\u00eancia [&hellip;]<\/p>\n","protected":false},"featured_media":13089,"comment_status":"open","ping_status":"closed","template":"","meta":[],"product_brand":[],"product_cat":[392],"product_tag":[],"class_list":{"0":"post-13090","1":"product","2":"type-product","3":"status-publish","4":"has-post-thumbnail","6":"product_cat-forno-combinado-eletrico","8":"first","9":"instock","10":"shipping-taxable","11":"purchasable","12":"product-type-simple"},"_links":{"self":[{"href":"https:\/\/twsites.com.br\/novomigcenter\/index.php?rest_route=\/wp\/v2\/product\/13090","targetHints":{"allow":["GET"]}}],"collection":[{"href":"https:\/\/twsites.com.br\/novomigcenter\/index.php?rest_route=\/wp\/v2\/product"}],"about":[{"href":"https:\/\/twsites.com.br\/novomigcenter\/index.php?rest_route=\/wp\/v2\/types\/product"}],"replies":[{"embeddable":true,"href":"https:\/\/twsites.com.br\/novomigcenter\/index.php?rest_route=%2Fwp%2Fv2%2Fcomments&post=13090"}],"wp:featuredmedia":[{"embeddable":true,"href":"https:\/\/twsites.com.br\/novomigcenter\/index.php?rest_route=\/wp\/v2\/media\/13089"}],"wp:attachment":[{"href":"https:\/\/twsites.com.br\/novomigcenter\/index.php?rest_route=%2Fwp%2Fv2%2Fmedia&parent=13090"}],"wp:term":[{"taxonomy":"product_brand","embeddable":true,"href":"https:\/\/twsites.com.br\/novomigcenter\/index.php?rest_route=%2Fwp%2Fv2%2Fproduct_brand&post=13090"},{"taxonomy":"product_cat","embeddable":true,"href":"https:\/\/twsites.com.br\/novomigcenter\/index.php?rest_route=%2Fwp%2Fv2%2Fproduct_cat&post=13090"},{"taxonomy":"product_tag","embeddable":true,"href":"https:\/\/twsites.com.br\/novomigcenter\/index.php?rest_route=%2Fwp%2Fv2%2Fproduct_tag&post=13090"}],"curies":[{"name":"wp","href":"https:\/\/api.w.org\/{rel}","templated":true}]}}