{"id":13113,"date":"2021-04-28T12:10:02","date_gmt":"2021-04-28T12:10:02","guid":{"rendered":"https:\/\/twsites.com.br\/novomigcenter\/?product=cz-15-gpaniz"},"modified":"2026-02-12T20:44:43","modified_gmt":"2026-02-12T20:44:43","slug":"cz-15-gpaniz","status":"publish","type":"product","link":"https:\/\/twsites.com.br\/novomigcenter\/?product=cz-15-gpaniz","title":{"rendered":"Cozerella em ep\u00f3xi 15L &#8211; CZ 15 &#8211; G.Paniz"},"content":{"rendered":"<p>Ideal para preparo de massas de salgados (coxinha e rissole), molhos,  polenta e doces de fruta. Indicado para ind\u00fastrias de salgados e doces,  restaurantes e similares.<\/p>\n<p>* Transmiss\u00e3o por caixa de redu\u00e7\u00e3o.<\/p>\n<ul>\n<li>Engrenagens em a\u00e7o SAE 1020.<\/li>\n<li>Estrutura mais robusta do mercado.<\/li>\n<li>Batedor em a\u00e7o carbono revestido com cromo duro.<\/li>\n<li>Cuba remov\u00edvel em alum\u00ednio fundido que facilita a higieniza\u00e7\u00e3o.<\/li>\n<li>Pedal e alavanca para bascular.<\/li>\n<\/ul>\n<p><\/p>\n<p><img decoding=\"async\" style=\"width: 50%;\" src=\"http:\/\/www.migcenter.com.br\/image\/catalog\/Cozerella\/Captura de Tela 2021-04-28 a\u0300s 12.06.41.png\"><\/p>\n","protected":false},"excerpt":{"rendered":"<p>Ideal para preparo de massas de salgados (coxinha e rissole), molhos, polenta e doces de fruta. Indicado para ind\u00fastrias de salgados e doces, restaurantes e similares. * Transmiss\u00e3o por caixa de redu\u00e7\u00e3o. Engrenagens em a\u00e7o SAE 1020. Estrutura mais robusta do mercado. Batedor em a\u00e7o carbono revestido com cromo duro. Cuba remov\u00edvel em alum\u00ednio fundido [&hellip;]<\/p>\n","protected":false},"featured_media":13112,"comment_status":"open","ping_status":"closed","template":"","meta":[],"product_brand":[],"product_cat":[433],"product_tag":[],"class_list":{"0":"post-13113","1":"product","2":"type-product","3":"status-publish","4":"has-post-thumbnail","6":"product_cat-misturador-para-padaria","8":"first","9":"instock","10":"shipping-taxable","11":"purchasable","12":"product-type-simple"},"_links":{"self":[{"href":"https:\/\/twsites.com.br\/novomigcenter\/index.php?rest_route=\/wp\/v2\/product\/13113","targetHints":{"allow":["GET"]}}],"collection":[{"href":"https:\/\/twsites.com.br\/novomigcenter\/index.php?rest_route=\/wp\/v2\/product"}],"about":[{"href":"https:\/\/twsites.com.br\/novomigcenter\/index.php?rest_route=\/wp\/v2\/types\/product"}],"replies":[{"embeddable":true,"href":"https:\/\/twsites.com.br\/novomigcenter\/index.php?rest_route=%2Fwp%2Fv2%2Fcomments&post=13113"}],"wp:featuredmedia":[{"embeddable":true,"href":"https:\/\/twsites.com.br\/novomigcenter\/index.php?rest_route=\/wp\/v2\/media\/13112"}],"wp:attachment":[{"href":"https:\/\/twsites.com.br\/novomigcenter\/index.php?rest_route=%2Fwp%2Fv2%2Fmedia&parent=13113"}],"wp:term":[{"taxonomy":"product_brand","embeddable":true,"href":"https:\/\/twsites.com.br\/novomigcenter\/index.php?rest_route=%2Fwp%2Fv2%2Fproduct_brand&post=13113"},{"taxonomy":"product_cat","embeddable":true,"href":"https:\/\/twsites.com.br\/novomigcenter\/index.php?rest_route=%2Fwp%2Fv2%2Fproduct_cat&post=13113"},{"taxonomy":"product_tag","embeddable":true,"href":"https:\/\/twsites.com.br\/novomigcenter\/index.php?rest_route=%2Fwp%2Fv2%2Fproduct_tag&post=13113"}],"curies":[{"name":"wp","href":"https:\/\/api.w.org\/{rel}","templated":true}]}}